{"id":892,"date":"2020-05-23T23:13:20","date_gmt":"2020-05-23T21:13:20","guid":{"rendered":"https:\/\/www.bergbiken.de\/wp\/?page_id=892"},"modified":"2025-10-25T10:28:07","modified_gmt":"2025-10-25T08:28:07","slug":"buchen","status":"publish","type":"page","link":"https:\/\/www.bergbiken.de\/wp\/buchen\/","title":{"rendered":"Kontakt: Buchungsanfrage individuell"},"content":{"rendered":"<p>[vc_row][vc_column][vc_empty_space][vc_column_text]<\/p>\n<h1>Ihr Buchungswunsch<\/h1>\n<p>[\/vc_column_text][vc_column_text]<span class=\"text\">F\u00fcr die Buchung der ausgew\u00e4hlten Tour geben Sie bitte die Adressdaten des Hauptansprechpartners ein, von eventuellen weiteren Teilnehmern ben\u00f6tigen wir aus Datenschutzgr\u00fcnden lediglich die Namen im Feld &#8222;Mitfahrer&#8220;.<br \/>\nWeitere Infos zur Frage &#8222;<a href=\"https:\/\/www.bergbiken.de\/wp\/waspassiertbeimbuchen\/\" target=\"_blank\" rel=\"noopener noreferrer\"><b>Was passiert, wenn ich buche?<\/b><\/a>&#8220; und <a href=\"https:\/\/www.bergbiken.de\/wp\/buchung\" target=\"_parent\" rel=\"noopener noreferrer\">weitere Kontaktm\u00f6glichkeiten<\/a>.<\/span>[\/vc_column_text]\n<div class=\"wpcf7 no-js\" id=\"wpcf7-f891-o1\" lang=\"de-DE\" dir=\"ltr\" data-wpcf7-id=\"891\">\n<div class=\"screen-reader-response\"><p role=\"status\" aria-live=\"polite\" aria-atomic=\"true\"><\/p> <ul><\/ul><\/div>\n<form action=\"\/wp\/wp-json\/wp\/v2\/pages\/892#wpcf7-f891-o1\" method=\"post\" class=\"wpcf7-form init\" aria-label=\"Kontaktformular\" novalidate=\"novalidate\" data-status=\"init\">\n<fieldset class=\"hidden-fields-container\"><input type=\"hidden\" name=\"_wpcf7\" value=\"891\" \/><input type=\"hidden\" name=\"_wpcf7_version\" value=\"6.1.5\" \/><input type=\"hidden\" name=\"_wpcf7_locale\" value=\"de_DE\" \/><input type=\"hidden\" name=\"_wpcf7_unit_tag\" value=\"wpcf7-f891-o1\" \/><input type=\"hidden\" name=\"_wpcf7_container_post\" value=\"0\" \/><input type=\"hidden\" name=\"_wpcf7_posted_data_hash\" value=\"\" \/><input type=\"hidden\" name=\"_wpcf7dtx_version\" value=\"5.0.5\" \/>\n<\/fieldset>\n<p><label> Tour: <span class=\"wpcf7-form-control-wrap dynamictext-95\" data-name=\"dynamictext-95\"><input type=\"text\" name=\"dynamictext-95\" class=\"wpcf7-form-control wpcf7-text wpcf7dtx wpcf7dtx-text\" aria-invalid=\"false\"><\/span><\/label>\n<\/p>\n<p><label>\n\t\t<font color=red>Gew\u00fcnschter Reisetermin:\n\t\t<\/font> <span class=\"wpcf7-form-control-wrap dynamictext-96\" data-name=\"dynamictext-96\"><input type=\"text\" name=\"dynamictext-96\" class=\"wpcf7-form-control wpcf7-text wpcf7dtx wpcf7dtx-text\" aria-invalid=\"false\"><\/span> <\/label>\n<\/p>\n<p><label> Reisepreis pro Person: <span class=\"wpcf7-form-control-wrap dynamictext-97\" data-name=\"dynamictext-97\"><input type=\"text\" name=\"dynamictext-97\" class=\"wpcf7-form-control wpcf7-text wpcf7dtx wpcf7dtx-text\" aria-invalid=\"false\" readonly=\"readonly\"><\/span> <\/label>\n<\/p>\n<p><label> Ihr Name* <span class=\"wpcf7-form-control-wrap\" data-name=\"your-name\"><input size=\"40\" maxlength=\"400\" class=\"wpcf7-form-control wpcf7-text wpcf7-validates-as-required\" aria-required=\"true\" aria-invalid=\"false\" value=\"\" type=\"text\" name=\"your-name\" \/><\/span> <\/label>\n<\/p>\n<p><label> Name(n) Mitfahrer <span class=\"wpcf7-form-control-wrap\" data-name=\"mitfahrer\"><input size=\"40\" maxlength=\"400\" class=\"wpcf7-form-control wpcf7-text\" aria-invalid=\"false\" value=\"\" type=\"text\" name=\"mitfahrer\" \/><\/span> <\/label>\n<\/p>\n<p><label> Stra\u00dfe + Hausnummer* <span class=\"wpcf7-form-control-wrap\" data-name=\"strnr\"><input size=\"40\" maxlength=\"400\" class=\"wpcf7-form-control wpcf7-text wpcf7-validates-as-required\" aria-required=\"true\" aria-invalid=\"false\" value=\"\" type=\"text\" name=\"strnr\" \/><\/span> <\/label>\n<\/p>\n<p><label> PLZ + Ort* <span class=\"wpcf7-form-control-wrap\" data-name=\"plzort\"><input size=\"40\" maxlength=\"400\" class=\"wpcf7-form-control wpcf7-text wpcf7-validates-as-required\" aria-required=\"true\" aria-invalid=\"false\" value=\"\" type=\"text\" name=\"plzort\" \/><\/span> <\/label>\n<\/p>\n<p><label> Telefon* <span class=\"wpcf7-form-control-wrap\" data-name=\"telefon\"><input size=\"40\" maxlength=\"400\" class=\"wpcf7-form-control wpcf7-text wpcf7-validates-as-required\" aria-required=\"true\" aria-invalid=\"false\" value=\"\" type=\"text\" name=\"telefon\" \/><\/span> <\/label>\n<\/p>\n<p><label> E-Mail-Adresse* <span class=\"wpcf7-form-control-wrap\" data-name=\"your-email\"><input size=\"40\" maxlength=\"400\" class=\"wpcf7-form-control wpcf7-email wpcf7-validates-as-required wpcf7-text wpcf7-validates-as-email\" aria-required=\"true\" aria-invalid=\"false\" value=\"\" type=\"email\" name=\"your-email\" \/><\/span> <\/label>\n<\/p>\n<p><label> Anmerkungen (z.B. Zimmerwunsch) <span class=\"wpcf7-form-control-wrap\" data-name=\"your-message\"><textarea cols=\"40\" rows=\"10\" maxlength=\"2000\" class=\"wpcf7-form-control wpcf7-textarea\" aria-invalid=\"false\" name=\"your-message\"><\/textarea><\/span> <\/label>\n<\/p>\n<p><span class=\"wpcf7-form-control-wrap\" data-name=\"acceptance-856\"><span class=\"wpcf7-form-control wpcf7-acceptance\"><span class=\"wpcf7-list-item\"><label><input type=\"checkbox\" name=\"acceptance-856\" value=\"1\" aria-invalid=\"false\" \/><span class=\"wpcf7-list-item-label\">* Ich best\u00e4tige hiermit, dass ich vollj\u00e4hrig bin, auf eigene Gefahr fahre und die <a href=https:\/\/www.bergbiken.de\/wp\/agb target=_blank>Gesch\u00e4ftsbedingungen von BergBiken<\/a> gelesen habe und akzeptiere.<\/span><\/label><\/span><\/span><\/span>\n<\/p>\n<p>Bitte beachten: Beim Buchen einer Reise \u00fcber dieses Formular erhalten Sie zun\u00e4chst per Email noch einmal das betreffende Tourangebot von uns im PDF-Format. Die verbindliche Tourbuchung kommt erst zustande, wenn Sie dieses gelesen und best\u00e4tigt haben.\n<\/p>\n<p>* Notwendige Angaben\n<\/p>\n<p><input class=\"wpcf7-form-control wpcf7-submit has-spinner\" type=\"submit\" value=\"Senden\" \/>\n<\/p><div class=\"wpcf7-response-output\" aria-hidden=\"true\"><\/div>\n<\/form>\n<\/div>\n[\/vc_column][\/vc_row]<\/p>\n","protected":false},"excerpt":{"rendered":"<p>[vc_row][vc_column][vc_empty_space][vc_column_text] Ihr Buchungswunsch [\/vc_column_text][vc_column_text]F\u00fcr die Buchung der ausgew\u00e4hlten Tour geben Sie bitte die Adressdaten des Hauptansprechpartners ein, von eventuellen weiteren Teilnehmern ben\u00f6tigen wir aus Datenschutzgr\u00fcnden lediglich<span class=\"excerpt-hellip\"> [\u2026]<\/span><\/p>\n","protected":false},"author":1,"featured_media":0,"parent":0,"menu_order":0,"comment_status":"closed","ping_status":"closed","template":"","meta":{"footnotes":""},"class_list":["post-892","page","type-page","status-publish","hentry"],"jetpack_sharing_enabled":true,"_links":{"self":[{"href":"https:\/\/www.bergbiken.de\/wp\/wp-json\/wp\/v2\/pages\/892","targetHints":{"allow":["GET"]}}],"collection":[{"href":"https:\/\/www.bergbiken.de\/wp\/wp-json\/wp\/v2\/pages"}],"about":[{"href":"https:\/\/www.bergbiken.de\/wp\/wp-json\/wp\/v2\/types\/page"}],"author":[{"embeddable":true,"href":"https:\/\/www.bergbiken.de\/wp\/wp-json\/wp\/v2\/users\/1"}],"replies":[{"embeddable":true,"href":"https:\/\/www.bergbiken.de\/wp\/wp-json\/wp\/v2\/comments?post=892"}],"version-history":[{"count":10,"href":"https:\/\/www.bergbiken.de\/wp\/wp-json\/wp\/v2\/pages\/892\/revisions"}],"predecessor-version":[{"id":45363,"href":"https:\/\/www.bergbiken.de\/wp\/wp-json\/wp\/v2\/pages\/892\/revisions\/45363"}],"wp:attachment":[{"href":"https:\/\/www.bergbiken.de\/wp\/wp-json\/wp\/v2\/media?parent=892"}],"curies":[{"name":"wp","href":"https:\/\/api.w.org\/{rel}","templated":true}]}}