{"id":770,"date":"2020-05-13T09:34:58","date_gmt":"2020-05-13T07:34:58","guid":{"rendered":"https:\/\/www.bergbiken.de\/wp\/?page_id=770"},"modified":"2025-12-02T20:46:32","modified_gmt":"2025-12-02T19:46:32","slug":"impressum","status":"publish","type":"page","link":"https:\/\/www.bergbiken.de\/wp\/impressum\/","title":{"rendered":"Impressum"},"content":{"rendered":"<p>[vc_row][vc_column][vc_empty_space][vc_column_text]<\/p>\n<h1>Impressum<\/h1>\n<p>[\/vc_column_text][vc_column_text]<\/p>\n<p class=\"text\"><b>Kontaktdaten von BergBiken (Angaben gem\u00e4\u00df \u00a75 TMG):<\/b><\/p>\n<p class=\"text\">BergBiken MTB-Reisen<br \/>\nBenjamin Pape<br \/>\nLange Stra\u00dfe 37<br \/>\n59602 R\u00fcthen *<\/p>\n<p class=\"text\">Umsatzsteuer-Identifikationsnummer (gem\u00e4\u00df \u00a727a UStG): DE285959792<\/p>\n<p><span class=\"text\"><b>Telefon:<\/b> 0176-51470232<\/span><br \/>\n<b>Email-Kontakt zu BergBiken:<\/b> <img decoding=\"async\" src=\"https:\/\/www.bergbiken.de\/email.gif\" alt=\"\" border=\"0\" \/><\/p>\n<p><img decoding=\"async\" src=\"https:\/\/www.bergbiken.de\/barcode.gif\" border=\"0\" \/><\/p>\n<p class=\"text\" align=\"justify\"><b>Telefonisch<\/b> erreichen Sie unseren &#8222;Guide im Dienst&#8220; Mo-So 8-20 Uhr unter: +49-(0)176-51470232. Wir bem\u00fchen uns um st\u00e4ndige Erreichbarkeit; falls doch einmal niemand rangehen sollte, hinterlassen Sie bitte eine Nachricht auf der Mailbox oder senden Sie uns hier eine <a href=\"https:\/\/www.bergbiken.de\/index.asp?id=44\" target=\"_parent\" rel=\"noopener noreferrer\">R\u00fcckrufbitte<\/a>.<\/p>\n<p class=\"text\" align=\"justify\"><b>* Warum R\u00fcthen?<\/b> BergBiken ist als gewerblicher Reiseveranstalter dort gemeldet, wo der Inhaber seinen Wohnsitz hat. Nach den Studentenzeiten musste T\u00fcbingen dem westf\u00e4lischen R\u00fcthen weichen, f\u00fcr BergBiken bleiben T\u00fcbingen und seine Umgebung aber der Mittelpunkt. Und f\u00fcr alle, die R\u00fcthen nicht kennen: es ist das Tor zum wundersch\u00f6nen <b>Sauerland<\/b>! Wenn es einmal nicht regnet, l\u00e4sst es sich auch dort wunderbar biken \ud83d\ude42<\/p>\n<p class=\"text\" align=\"justify\"><b>Haftungsausschluss:<\/b><br \/>\n<i>Haftung f\u00fcr Links:<\/i> Auf alle von diesen Seiten aus verlinkten Internetseiten au\u00dferhalb der Domain bergbiken.de haben die Verantwortlichen von BergBiken keinen Einfluss. Deshalb k\u00f6nnen wir f\u00fcr diese fremden Inhalte auch keine Gew\u00e4hr \u00fcbernehmen. F\u00fcr die Inhalte der verlinkten Seiten ist stets der jeweilige Betreiber der Seiten verantwortlich. Die verlinkten Seiten wurden zum Zeitpunkt der Verlinkung auf m\u00f6gliche Rechtsverst\u00f6\u00dfe \u00fcberpr\u00fcft. Rechtswidrige Inhalte waren zum Zeitpunkt der Verlinkung nicht erkennbar. Eine permanente inhaltliche Kontrolle der verlinkten Seiten ist jedoch ohne konkrete Anhaltspunkte einer Rechtsverletzung nicht zumutbar. Bei Bekanntwerden von Rechtsverletzungen werden wir derartige Links umgehend entfernen.<br \/>\n<i>Datenschutz:<\/i> Soweit im Zusammenhang mit einer Anfrage oder Buchung auf unseren Seiten personenbezogene Daten (beispielsweise Name, Anschrift oder eMail-Adressen) erhoben werden, erfolgt dies auf freiwilliger Basis. Diese Daten werden ohne Ihre ausdr\u00fcckliche Zustimmung nicht an Dritte weitergegeben. Wir weisen darauf hin, dass die Daten\u00fcbertragung im Internet (z.B. bei der Kommunikation per E-Mail) Sicherheitsl\u00fccken aufweisen kann. Ein l\u00fcckenloser Schutz der Daten vor dem Zugriff durch Dritte ist nicht m\u00f6glich.<br \/>\n<i>Google Analytics:<\/i> Diese Website benutzt Google Analytics, einen Webanalysedienst der Google Inc. (&#8222;Google&#8220;). Google Analytics verwendet sog. &#8222;Cookies&#8220;, Textdateien, die auf Ihrem Computer gespeichert werden und die eine Analyse der Benutzung der Website durch Sie erm\u00f6glicht. Die durch den Cookie erzeugten Informationen \u00fcber Ihre Benutzung diese Website (einschlie\u00dflich Ihrer IP-Adresse) wird an einen Server von Google in den USA \u00fcbertragen und dort gespeichert. Google wird diese Informationen benutzen, um Ihre Nutzung der Website auszuwerten, um Reports \u00fcber die Websiteaktivit\u00e4ten f\u00fcr die Websitebetreiber zusammenzustellen und um weitere mit der Websitenutzung und der Internetnutzung verbundene Dienstleistungen zu erbringen. Auch wird Google diese Informationen gegebenenfalls an Dritte \u00fcbertragen, sofern dies gesetzlich vorgeschrieben oder soweit Dritte diese Daten im Auftrag von Google verarbeiten. Google wird in keinem Fall Ihre IP-Adresse mit anderen Daten in Verbindung bringen. Sie k\u00f6nnen die Installation der Cookies durch eine entsprechende Einstellung Ihrer Browser-Software verhindern. Durch die Nutzung dieser Website erkl\u00e4ren Sie sich mit der Bearbeitung der \u00fcber Sie erhobenen Daten durch Google in der zuvor beschriebenen Art und Weise und zu dem zuvor benannten Zweck einverstanden.<\/p>\n<p>[\/vc_column_text][\/vc_column][\/vc_row]<\/p>\n","protected":false},"excerpt":{"rendered":"<p>[vc_row][vc_column][vc_empty_space][vc_column_text] Impressum [\/vc_column_text][vc_column_text] Kontaktdaten von BergBiken (Angaben gem\u00e4\u00df \u00a75 TMG): BergBiken MTB-Reisen Benjamin Pape Lange Stra\u00dfe 37 59602 R\u00fcthen * Umsatzsteuer-Identifikationsnummer (gem\u00e4\u00df \u00a727a UStG): DE285959792 Telefon:<span class=\"excerpt-hellip\"> [\u2026]<\/span><\/p>\n","protected":false},"author":1,"featured_media":0,"parent":0,"menu_order":0,"comment_status":"closed","ping_status":"closed","template":"","meta":{"footnotes":""},"class_list":["post-770","page","type-page","status-publish","hentry"],"jetpack_sharing_enabled":true,"_links":{"self":[{"href":"https:\/\/www.bergbiken.de\/wp\/wp-json\/wp\/v2\/pages\/770","targetHints":{"allow":["GET"]}}],"collection":[{"href":"https:\/\/www.bergbiken.de\/wp\/wp-json\/wp\/v2\/pages"}],"about":[{"href":"https:\/\/www.bergbiken.de\/wp\/wp-json\/wp\/v2\/types\/page"}],"author":[{"embeddable":true,"href":"https:\/\/www.bergbiken.de\/wp\/wp-json\/wp\/v2\/users\/1"}],"replies":[{"embeddable":true,"href":"https:\/\/www.bergbiken.de\/wp\/wp-json\/wp\/v2\/comments?post=770"}],"version-history":[{"count":11,"href":"https:\/\/www.bergbiken.de\/wp\/wp-json\/wp\/v2\/pages\/770\/revisions"}],"predecessor-version":[{"id":45464,"href":"https:\/\/www.bergbiken.de\/wp\/wp-json\/wp\/v2\/pages\/770\/revisions\/45464"}],"wp:attachment":[{"href":"https:\/\/www.bergbiken.de\/wp\/wp-json\/wp\/v2\/media?parent=770"}],"curies":[{"name":"wp","href":"https:\/\/api.w.org\/{rel}","templated":true}]}}