{"id":45468,"date":"2025-12-16T10:51:45","date_gmt":"2025-12-16T09:51:45","guid":{"rendered":"https:\/\/www.bergbiken.de\/wp\/?page_id=45468"},"modified":"2025-12-25T22:55:30","modified_gmt":"2025-12-25T21:55:30","slug":"fuorclasesvenna","status":"publish","type":"page","link":"https:\/\/www.bergbiken.de\/wp\/fuorclasesvenna\/","title":{"rendered":"Pass-Info Fuorcla Sesvenna"},"content":{"rendered":"<p>[vc_row full_width=&#8220;stretch_row_content_no_spaces&#8220; css=&#8220;.vc_custom_1585690855060{margin-top: 0px !important;margin-right: 0px !important;margin-bottom: 0px !important;margin-left: 0px !important;padding-top: 0px !important;padding-right: 0px !important;padding-bottom: 0px !important;padding-left: 0px !important;}&#8220;][vc_column css=&#8220;.vc_custom_1606858675358{margin-top: 0px !important;margin-right: 0px !important;margin-bottom: 0px !important;margin-left: 0px !important;padding-top: 0px !important;padding-right: 0px !important;padding-bottom: 0px !important;padding-left: 0px !important;background-position: center !important;background-repeat: no-repeat !important;background-size: cover !important;}&#8220; offset=&#8220;vc_hidden-xs&#8220;][vc_single_image image=&#8220;45472&#8243; img_size=&#8220;full&#8220; alignment=&#8220;center&#8220;][\/vc_column][\/vc_row][vc_row][vc_column offset=&#8220;vc_hidden-lg vc_hidden-md vc_hidden-sm&#8220;][vc_empty_space height=&#8220;10px&#8220;][\/vc_column][\/vc_row][vc_row][vc_column][vc_column_text]<\/p>\n<h1 class=\"entry-title\">Fuorcla Sesvenna (2818 m)<\/h1>\n<p><img loading=\"lazy\" decoding=\"async\" src=\"https:\/\/vg02.met.vgwort.de\/na\/980ac1e45796439fa295d42a60aa7331\" alt=\"\" width=\"1\" height=\"1\" \/>[\/vc_column_text][\/vc_column][\/vc_row][vc_row full_width=&#8220;stretch_row_content_no_spaces&#8220;][vc_column offset=&#8220;vc_hidden-lg vc_hidden-md vc_hidden-sm&#8220;][vc_single_image image=&#8220;45473&#8243; img_size=&#8220;full&#8220; alignment=&#8220;center&#8220; style=&#8220;vc_box_rounded&#8220; css=&#8220;.vc_custom_1765575664884{margin-top: 10px !important;margin-right: 0px !important;margin-bottom: 10px !important;margin-left: 0px !important;border-top-width: 1px !important;border-right-width: 1px !important;border-bottom-width: 1px !important;border-left-width: 1px !important;padding-top: 0px !important;padding-right: 0px !important;padding-bottom: 0px !important;padding-left: 0px !important;border-left-color: #020202 !important;border-right-color: #020202 !important;border-top-color: #020202 !important;border-bottom-color: #020202 !important;border-radius: 1px !important;}&#8220;][\/vc_column][\/vc_row][vc_row][vc_column css=&#8220;.vc_custom_1674513593044{background-color: #f7f3ec !important;}&#8220;][vc_row_inner css=&#8220;.vc_custom_1585348829079{margin-bottom: 0px !important;padding-bottom: 0px !important;}&#8220;][vc_column_inner width=&#8220;2\/6&#8243;][vc_column_text]<a href=\"https:\/\/www.bergbiken.de\/kartesesvenna.jpg\" target=\"_blank\" rel=\"noopener noreferrer\"><img decoding=\"async\" style=\"width: 400px;\" src=\"https:\/\/www.bergbiken.de\/kartesesvennakl.jpg\" alt=\"Karte zur Tour\" \/><\/a><br \/>\n<a href=\"https:\/\/www.bergbiken.de\/profilsesvenna.png\" target=\"_blank\" rel=\"noopener noreferrer\"><img decoding=\"async\" style=\"width: 400px;\" src=\"https:\/\/www.bergbiken.de\/profilsesvennakl.png\" alt=\"Profil zur Tour\" \/><\/a><\/p>\n<h6><i>Karte und Profil &#8211; zum Vergr\u00f6\u00dfern klicken<br \/>\n<\/i><\/h6>\n<p>[\/vc_column_text][\/vc_column_inner][vc_column_inner width=&#8220;4\/6&#8243;][vc_column_text]<\/p>\n<table border=\"0\" width=\"100%\" cellspacing=\"0\" cellpadding=\"0\">\n<tbody>\n<tr>\n<td><b>Talorte:<\/b><\/td>\n<td width=\"10px\"><\/td>\n<td id=\"reisedauer\"><span class=\"fe5nidar khvhiq1o r5qsrrlp i5tg98hk f9ovudaz przvwfww gx1rr48f gfz4du6o r7fjleex nz2484kf svot0ezm dcnh1tix sxl192xd t3g6t33p\"><span class=\"mpj7bzys xzlurrtv\">\ud83c\udde8\ud83c\udded <\/span><\/span>S-charl (1807 m), <span class=\"fe5nidar khvhiq1o r5qsrrlp i5tg98hk f9ovudaz przvwfww gx1rr48f gfz4du6o r7fjleex nz2484kf svot0ezm dcnh1tix sxl192xd t3g6t33p\"><span class=\"mpj7bzys xzlurrtv\">\ud83c\uddee\ud83c\uddf9 <\/span><\/span>Sesvennah\u00fctte (2258 m)<\/td>\n<\/tr>\n<tr>\n<td><b>km\/hm:<\/b><\/td>\n<td width=\"10px\"><\/td>\n<td>11 km, 1028 hm <span class=\"fe5nidar khvhiq1o r5qsrrlp i5tg98hk f9ovudaz przvwfww gx1rr48f gfz4du6o r7fjleex nz2484kf svot0ezm dcnh1tix sxl192xd t3g6t33p\"><span class=\"mpj7bzys xzlurrtv\">\ud83d\udd3c<\/span><\/span><\/td>\n<\/tr>\n<tr>\n<td><b><a href=\"https:\/\/www.bergbiken.de\/index.asp?id=25\" target=\"_parent\" rel=\"noopener noreferrer\">Level<\/a>:<\/b><\/td>\n<td width=\"10px\"><\/td>\n<td><span style=\"color: white; background-color: black;\">\u00a0Schwer\u00a0<\/span><\/td>\n<\/tr>\n<tr>\n<td><b>Fahrtechnik:<\/b><\/td>\n<td width=\"10px\"><\/td>\n<td id=\"fahrtechnik\"><img decoding=\"async\" src=\"https:\/\/www.bergbiken.de\/3.png\" alt=\"5 von 5 Sternen\" \/><\/td>\n<\/tr>\n<tr>\n<td><b>Schiebestrecken:<\/b><\/td>\n<td width=\"10px\"><\/td>\n<td>Bergauf insgesamt 40&#8242; Schieben sowie 20&#8242; Tragen<\/td>\n<\/tr>\n<tr>\n<td><b><a href=\"https:\/\/www.bergbiken.de\/index.asp?id=93\" target=\"_parent\" rel=\"noopener noreferrer\">E-Bikes<\/a>:<\/b><\/td>\n<td width=\"10px\"><\/td>\n<td><img decoding=\"async\" style=\"width: auto; height: 14px;\" src=\"https:\/\/www.bergbiken.de\/td\/Img\/ebike_red.png\" alt=\"f\u00fcr E-MTB nicht geeignet\" \/> f\u00fcr E-MTB nicht geeignet<\/td>\n<\/tr>\n<tr>\n<td valign=\"top\"><b>H\u00fctten\/Einkehr:<\/b><\/td>\n<td width=\"10px\"><\/td>\n<td><span class=\"fe5nidar khvhiq1o r5qsrrlp i5tg98hk f9ovudaz przvwfww gx1rr48f gfz4du6o r7fjleex nz2484kf svot0ezm dcnh1tix sxl192xd t3g6t33p\"><span class=\"mpj7bzys xzlurrtv\">\ud83c\udfe0<\/span><\/span> S-charl (1807 m)<br \/>\n<span class=\"fe5nidar khvhiq1o r5qsrrlp i5tg98hk f9ovudaz przvwfww gx1rr48f gfz4du6o r7fjleex nz2484kf svot0ezm dcnh1tix sxl192xd t3g6t33p\"><span class=\"mpj7bzys xzlurrtv\">\ud83c\udfe0<\/span><\/span> Sesvennah\u00fctte (2258 m)<\/td>\n<\/tr>\n<\/tbody>\n<\/table>\n<p>[\/vc_column_text][\/vc_column_inner][\/vc_row_inner][\/vc_column][\/vc_row][vc_row][vc_column][vc_empty_space height=&#8220;20px&#8220;][\/vc_column][\/vc_row][vc_row][vc_column width=&#8220;3\/4&#8243;][vc_text_separator title=&#8220;Beschreibung des Passes&#8220; title_align=&#8220;separator_align_left&#8220; align=&#8220;align_left&#8220; border_width=&#8220;2&#8243;][vc_column_text]Die Fuorcla Sesvenna stellt eine Querverbindung zwischen den beiden f\u00fcr Mountainbiker ideal geeigneten Nord-S\u00fcd-\u00dcbergangen des Passo Costainas (2251 m) im Westen und der Uinaschlucht mit dem Schlinigpass (2309 m) im Osten dar. Durch ihren West-Ost-Verlauf und die lange Schiebe- und Tragestrecke bergauf sowie das hohe fahrtechnische Niveau mit vielen Schiebest\u00fccken bergab eignet sie sich kaum f\u00fcr Transalp-Touren, und ist auch im Rahmen einer Tagestour nur f\u00fcr schiebefreudige Biker zu empfehlen.<\/p>\n<p>Der Talort \ud83c\udfe0 S-charl (1807 m) geh\u00f6rt zur Gemeinde Scuol, und ist von dort aus auf einer Fahrstra\u00dfe (Asphalt und Schotter) oder per Postbus erreichbar. Die Auffahrt beginnt nordw\u00e4rts entlang des Baches Sesvenna auf einem Schotterweg. Dieser steigt mal st\u00e4rker, mal flacher an, und erreicht nach 2,6 km und 290 H\u00f6henmetern die Sesvenna-Alpe. Ab hier geht es auf Wanderwegen weiter, und es erfolgt eine kurze fahrbare Trailabfahrt von 15 Tiefenmetern an den Bach. Auf den darauf folgenden 1,7 km mit 240 H\u00f6henmetern muss das Rad wegen des steilen Verlaufs \u00fcberwiegend geschoben werden. Danach wird jedoch eine Felskuppe erreicht, von der aus sich der Blick auf eine fast flache Hochfl\u00e4che \u00f6ffnet, in der der Sesvenna-Bach geradezu vor sich hin pl\u00e4tschert. Der Wanderweg wird ab hier gr\u00f6\u00dftenteils fahrbar, und schl\u00e4ngelt sich am Bach entlang. Unser Ziel, die Fuorcla Sesvenna, ist von hier aus noch nicht zu sehen.<\/p>\n<p>Die Hochebene endet abrupt nach knapp 2 Streckenkilometern an einer &#8222;Wand&#8220;, die kaum den weiteren Wegverlauf erkennen l\u00e4sst. Hier muss in einem felsdurchsetzten Hang mit viel Ger\u00f6ll das Bike \u00fcberwiegend bergauf getragen werden. Der nur rund 300 m lange Abschnitt \u00fcberbr\u00fcckt gut 140 H\u00f6henmeter, bevor sich das Gel\u00e4nde unmittelbar vor dem kleinen Gletschersee in 2660 m H\u00f6he abflacht. Ab hier ist auch die Fuorcola Sesvenna zu erahnen, und die letzten 850 Streckenmeter mit 160 H\u00f6henmetern Anstieg lassen sich teils fahrend (wer in dieser H\u00f6he noch kann), teils schiebend bew\u00e4ltigen.<\/p>\n<p>Am Pass er\u00f6ffnet sich ein einzigartiger Ausblick \u00fcber den kleinen Furkelsee an der Nordseite des Passes, bis hin\u00fcber zu den Gipfeln um die Gamsspitze in den \u00d6tztaler Alpen.<\/p>\n<p>Der Verlauf des Abfahrtsweges ist bis zum Rand des Furkelsees bereits zu sehen. Sie ist zu Beginn vollst\u00e4ndig fahrbar, im oberen Bereich mit viel Ger\u00f6ll noch im S3-Bereich, aber bald einfacher und ab dem Furkelsee sogar sehr flowig. Das Gel\u00e4nde f\u00e4llt konsequent in Richtung der Sesvennah\u00fctte ab, und mit ihr der nur 2,7 km kurze und 560 H\u00f6henmeter umfassende Abfahrtstrail. Einzelne Abschnitte mit viel Ger\u00f6ll sollten aus Sicherheitsgr\u00fcnden (Absturzgefahr zur Seite!) besser kurz geschoben werden. Es er\u00f6ffnet sich ein weiter Ausblick \u00fcber das Hochtal des Schlinigpasses, in Richtung der Uinaschlucht. Obwohl das dortige Gel\u00e4nde sehr einfach aussieht, zieht der Wanderweg konsequent ostw\u00e4rts in Richtung der Sesvennah\u00fctte, wobei ein kleiner Sattel vor einem markanten Buckel umrundet wird. Hier beginnt die Alm um die Sesvennah\u00fctte, in der der Wanderweg die letzten 850 Streckenmeter absteigt. Dieser Abschnitt wird durch das ausgetretene Wiesengel\u00e4nde mit vielen Felsen zum Schluss etwas m\u00fc\u00dfig, hier l\u00e4sst sich kaum fahren. Da die \ud83c\udfe0 Sesvennah\u00fctte jedoch bereits in Sicht ist, ist dieses letzte Schiebest\u00fcck ertr\u00e4glich.[\/vc_column_text][\/vc_column][vc_column width=&#8220;1\/4&#8243;][vc_images_carousel images=&#8220;45476,45474,45477,45475&#8243; img_size=&#8220;full&#8220; mode=&#8220;vertical&#8220; slides_per_view=&#8220;8&#8243; hide_pagination_control=&#8220;yes&#8220; hide_prev_next_buttons=&#8220;yes&#8220; wrap=&#8220;yes&#8220; css=&#8220;.vc_custom_1765575702706{margin-top: 0px !important;margin-right: 0px !important;margin-bottom: 0px !important;margin-left: 0px !important;padding-top: 0px !important;padding-right: 0px !important;padding-bottom: 0px !important;padding-left: 0px !important;}&#8220;][\/vc_column][\/vc_row]<\/p>\n","protected":false},"excerpt":{"rendered":"<p>[vc_row full_width=&#8220;stretch_row_content_no_spaces&#8220; css=&#8220;.vc_custom_1585690855060{margin-top: 0px !important;margin-right: 0px !important;margin-bottom: 0px !important;margin-left: 0px !important;padding-top: 0px !important;padding-right: 0px !important;padding-bottom: 0px !important;padding-left: 0px !important;}&#8220;][vc_column css=&#8220;.vc_custom_1606858675358{margin-top: 0px !important;margin-right: 0px !important;margin-bottom: 0px !important;margin-left:<span class=\"excerpt-hellip\"> [\u2026]<\/span><\/p>\n","protected":false},"author":1,"featured_media":0,"parent":0,"menu_order":0,"comment_status":"closed","ping_status":"closed","template":"","meta":{"footnotes":""},"class_list":["post-45468","page","type-page","status-publish","hentry"],"jetpack_sharing_enabled":true,"_links":{"self":[{"href":"https:\/\/www.bergbiken.de\/wp\/wp-json\/wp\/v2\/pages\/45468","targetHints":{"allow":["GET"]}}],"collection":[{"href":"https:\/\/www.bergbiken.de\/wp\/wp-json\/wp\/v2\/pages"}],"about":[{"href":"https:\/\/www.bergbiken.de\/wp\/wp-json\/wp\/v2\/types\/page"}],"author":[{"embeddable":true,"href":"https:\/\/www.bergbiken.de\/wp\/wp-json\/wp\/v2\/users\/1"}],"replies":[{"embeddable":true,"href":"https:\/\/www.bergbiken.de\/wp\/wp-json\/wp\/v2\/comments?post=45468"}],"version-history":[{"count":6,"href":"https:\/\/www.bergbiken.de\/wp\/wp-json\/wp\/v2\/pages\/45468\/revisions"}],"predecessor-version":[{"id":45567,"href":"https:\/\/www.bergbiken.de\/wp\/wp-json\/wp\/v2\/pages\/45468\/revisions\/45567"}],"wp:attachment":[{"href":"https:\/\/www.bergbiken.de\/wp\/wp-json\/wp\/v2\/media?parent=45468"}],"curies":[{"name":"wp","href":"https:\/\/api.w.org\/{rel}","templated":true}]}}