{"id":45193,"date":"2024-11-24T15:32:39","date_gmt":"2024-11-24T14:32:39","guid":{"rendered":"https:\/\/www.bergbiken.de\/wp\/?page_id=45193"},"modified":"2025-12-25T22:57:36","modified_gmt":"2025-12-25T21:57:36","slug":"tritt","status":"publish","type":"page","link":"https:\/\/www.bergbiken.de\/wp\/tritt\/","title":{"rendered":"Pass-Info Strelapass \/ Tritt"},"content":{"rendered":"<p>[vc_row full_width=&#8220;stretch_row_content_no_spaces&#8220; css=&#8220;.vc_custom_1585690855060{margin-top: 0px !important;margin-right: 0px !important;margin-bottom: 0px !important;margin-left: 0px !important;padding-top: 0px !important;padding-right: 0px !important;padding-bottom: 0px !important;padding-left: 0px !important;}&#8220;][vc_column css=&#8220;.vc_custom_1606858675358{margin-top: 0px !important;margin-right: 0px !important;margin-bottom: 0px !important;margin-left: 0px !important;padding-top: 0px !important;padding-right: 0px !important;padding-bottom: 0px !important;padding-left: 0px !important;background-position: center !important;background-repeat: no-repeat !important;background-size: cover !important;}&#8220; offset=&#8220;vc_hidden-xs&#8220;][vc_single_image image=&#8220;45201&#8243; img_size=&#8220;full&#8220; alignment=&#8220;center&#8220;][\/vc_column][\/vc_row][vc_row][vc_column offset=&#8220;vc_hidden-lg vc_hidden-md vc_hidden-sm&#8220;][vc_empty_space height=&#8220;10px&#8220;][\/vc_column][\/vc_row][vc_row][vc_column][vc_column_text]<\/p>\n<h1 class=\"entry-title\">Strelapass (2342 m) \/ Latsch\u00fcelfurgga (2409 m)<\/h1>\n<p><img loading=\"lazy\" decoding=\"async\" src=\"https:\/\/vg02.met.vgwort.de\/na\/980ac1e45796439fa295d42a60aa7331\" alt=\"\" width=\"1\" height=\"1\" \/>[\/vc_column_text][\/vc_column][\/vc_row][vc_row full_width=&#8220;stretch_row_content_no_spaces&#8220;][vc_column offset=&#8220;vc_hidden-lg vc_hidden-md vc_hidden-sm&#8220;][vc_single_image image=&#8220;45202&#8243; img_size=&#8220;full&#8220; alignment=&#8220;center&#8220; style=&#8220;vc_box_rounded&#8220; css=&#8220;.vc_custom_1732386751988{margin-top: 10px !important;margin-right: 0px !important;margin-bottom: 10px !important;margin-left: 0px !important;border-top-width: 1px !important;border-right-width: 1px !important;border-bottom-width: 1px !important;border-left-width: 1px !important;padding-top: 0px !important;padding-right: 0px !important;padding-bottom: 0px !important;padding-left: 0px !important;border-left-color: #020202 !important;border-right-color: #020202 !important;border-top-color: #020202 !important;border-bottom-color: #020202 !important;border-radius: 1px !important;}&#8220;][\/vc_column][\/vc_row][vc_row][vc_column css=&#8220;.vc_custom_1674513593044{background-color: #f7f3ec !important;}&#8220;][vc_row_inner css=&#8220;.vc_custom_1585348829079{margin-bottom: 0px !important;padding-bottom: 0px !important;}&#8220;][vc_column_inner width=&#8220;2\/6&#8243;][vc_column_text]<a href=\"https:\/\/www.bergbiken.de\/kartetritt.jpg\" target=\"_blank\" rel=\"noopener noreferrer\"><img decoding=\"async\" style=\"width: 400px;\" src=\"https:\/\/www.bergbiken.de\/kartetritt.jpg\" alt=\"Karte zur Tour\" \/><\/a><br \/>\n<a href=\"https:\/\/www.bergbiken.de\/profiltritt.png\" target=\"_blank\" rel=\"noopener noreferrer\"><img decoding=\"async\" style=\"width: 400px;\" src=\"https:\/\/www.bergbiken.de\/profiltrittkl.png\" alt=\"Profil zur Tour\" \/><\/a><\/p>\n<h6><i>Karte und Profil &#8211; zum Vergr\u00f6\u00dfern klicken<br \/>\n<\/i><\/h6>\n<p>[\/vc_column_text][\/vc_column_inner][vc_column_inner width=&#8220;4\/6&#8243;][vc_column_text]<\/p>\n<table border=\"0\" width=\"100%\" cellspacing=\"0\" cellpadding=\"0\">\n<tbody>\n<tr>\n<td><b>Talorte:<\/b><\/td>\n<td width=\"10px\"><\/td>\n<td id=\"reisedauer\"><span class=\"fe5nidar khvhiq1o r5qsrrlp i5tg98hk f9ovudaz przvwfww gx1rr48f gfz4du6o r7fjleex nz2484kf svot0ezm dcnh1tix sxl192xd t3g6t33p\"><span class=\"mpj7bzys xzlurrtv\">\ud83c\udde8\ud83c\udded <\/span><\/span>Davos-Platz (1540 m), <span class=\"fe5nidar khvhiq1o r5qsrrlp i5tg98hk f9ovudaz przvwfww gx1rr48f gfz4du6o r7fjleex nz2484kf svot0ezm dcnh1tix sxl192xd t3g6t33p\"><span class=\"mpj7bzys xzlurrtv\">\ud83c\udde8\ud83c\udded<\/span><\/span>Arosa Zentrum (1760 m)<\/td>\n<\/tr>\n<tr>\n<td><b>km\/hm:<\/b><\/td>\n<td width=\"10px\"><\/td>\n<td>22 km, 1107 hm <span class=\"fe5nidar khvhiq1o r5qsrrlp i5tg98hk f9ovudaz przvwfww gx1rr48f gfz4du6o r7fjleex nz2484kf svot0ezm dcnh1tix sxl192xd t3g6t33p\"><span class=\"mpj7bzys xzlurrtv\">\ud83d\udd3c (-3 km, -640 hm mit Parsennbahn mit Mittelstation)<br \/>\n<\/span><\/span><\/td>\n<\/tr>\n<tr>\n<td><b><a href=\"https:\/\/www.bergbiken.de\/index.asp?id=25\" target=\"_parent\" rel=\"noopener noreferrer\">Level<\/a>:<\/b><\/td>\n<td width=\"10px\"><\/td>\n<td><span style=\"color: white; background-color: black;\">\u00a0Schwer\u00a0<\/span><\/td>\n<\/tr>\n<tr>\n<td><b>Fahrtechnik:<\/b><\/td>\n<td width=\"10px\"><\/td>\n<td id=\"fahrtechnik\"><img decoding=\"async\" src=\"https:\/\/www.bergbiken.de\/4.png\" alt=\"4 von 5 Sternen\" \/> bis <img decoding=\"async\" src=\"https:\/\/www.bergbiken.de\/5.png\" alt=\"5 von 5 Sternen\" \/><\/td>\n<\/tr>\n<tr>\n<td><b>Schiebestrecken:<\/b><\/td>\n<td width=\"10px\"><\/td>\n<td>Bergauf 15&#8242; (mit E-MTB teils fahrbar), bergab 5&#8242;<\/td>\n<\/tr>\n<tr>\n<td><b><a href=\"https:\/\/www.bergbiken.de\/index.asp?id=93\" target=\"_parent\" rel=\"noopener noreferrer\">E-Bikes<\/a>:<\/b><\/td>\n<td width=\"10px\"><\/td>\n<td><img decoding=\"async\" style=\"width: auto; height: 14px;\" src=\"https:\/\/www.bergbiken.de\/td\/Img\/ebike_yellow.png\" alt=\"f\u00fcr E-MTB mit Schiebehilfe geeignet\" \/> f\u00fcr E-MTB mit Schiebehilfe geeignet<\/td>\n<\/tr>\n<tr>\n<td valign=\"top\"><b>Einkehr:<\/b><\/td>\n<td width=\"10px\"><\/td>\n<td><span class=\"fe5nidar khvhiq1o r5qsrrlp i5tg98hk f9ovudaz przvwfww gx1rr48f gfz4du6o r7fjleex nz2484kf svot0ezm dcnh1tix sxl192xd t3g6t33p\"><span class=\"mpj7bzys xzlurrtv\">\ud83c\udfe0<\/span><\/span> Schatzalp (1863 m)<br \/>\n<span class=\"fe5nidar khvhiq1o r5qsrrlp i5tg98hk f9ovudaz przvwfww gx1rr48f gfz4du6o r7fjleex nz2484kf svot0ezm dcnh1tix sxl192xd t3g6t33p\"><span class=\"mpj7bzys xzlurrtv\">\ud83c\udfe0<\/span><\/span> Strelapass (2342 m)<br \/>\n<span class=\"fe5nidar khvhiq1o r5qsrrlp i5tg98hk f9ovudaz przvwfww gx1rr48f gfz4du6o r7fjleex nz2484kf svot0ezm dcnh1tix sxl192xd t3g6t33p\"><span class=\"mpj7bzys xzlurrtv\">\ud83c\udfe0<\/span><\/span> Medergen (2020 m)<\/td>\n<\/tr>\n<tr>\n<td valign=\"top\"><b>Querein-\/ausstiege:<\/b><\/td>\n<td width=\"10px\"><\/td>\n<td><span class=\"fe5nidar khvhiq1o r5qsrrlp i5tg98hk f9ovudaz przvwfww gx1rr48f gfz4du6o r7fjleex nz2484kf svot0ezm dcnh1tix sxl192xd t3g6t33p\"><span class=\"mpj7bzys xzlurrtv\">\u2935\ufe0f<\/span><\/span> Schatzalp: Einstieg nach den ersten 330 hm<br \/>\n<span class=\"fe5nidar khvhiq1o r5qsrrlp i5tg98hk f9ovudaz przvwfww gx1rr48f gfz4du6o r7fjleex nz2484kf svot0ezm dcnh1tix sxl192xd t3g6t33p\"><span class=\"mpj7bzys xzlurrtv\">\u2935\ufe0f<\/span><\/span> Strelapass: Einstieg von Parsennbahn\/Panoramaweg kommend<br \/>\n<span class=\"fe5nidar khvhiq1o r5qsrrlp i5tg98hk f9ovudaz przvwfww gx1rr48f gfz4du6o r7fjleex nz2484kf svot0ezm dcnh1tix sxl192xd t3g6t33p\"><span class=\"mpj7bzys xzlurrtv\">\u2934\ufe0f<\/span><\/span> Strelapass: Ausstieg zu einfacherer Abfahrt nach Langwies<br \/>\n<span class=\"fe5nidar khvhiq1o r5qsrrlp i5tg98hk f9ovudaz przvwfww gx1rr48f gfz4du6o r7fjleex nz2484kf svot0ezm dcnh1tix sxl192xd t3g6t33p\"><span class=\"mpj7bzys xzlurrtv\">\u2934\ufe0f<\/span><\/span> Medergen: Ausstieg zu Schotterabfahrt nach Sonnenr\u00fcti<\/td>\n<\/tr>\n<tr>\n<td valign=\"top\"><b>Hinweise<\/b><\/td>\n<td width=\"10px\"><\/td>\n<td>Schwindelfreiheit erforderlich, Bike muss an Treppe gehoben oder senkrecht stehend geschoben werden k\u00f6nnen<\/td>\n<\/tr>\n<tr>\n<td valign=\"top\"><b>Transalp Designer<\/b><\/td>\n<td width=\"10px\"><\/td>\n<td><a href=\"https:\/\/www.bergbiken.de\/td\/?directTour=Klosters-Tiefencastel\" target=\"_blank\" rel=\"noopener\">Link zum Pass im Transalp Designer<\/a><\/td>\n<\/tr>\n<\/tbody>\n<\/table>\n<p>[\/vc_column_text][\/vc_column_inner][\/vc_row_inner][\/vc_column][\/vc_row][vc_row][vc_column][vc_empty_space height=&#8220;20px&#8220;][\/vc_column][\/vc_row][vc_row][vc_column width=&#8220;3\/4&#8243;][vc_text_separator title=&#8220;Beschreibung des Passes&#8220; title_align=&#8220;separator_align_left&#8220; align=&#8220;align_left&#8220; border_width=&#8220;2&#8243;][vc_column_text]Der Strelapass (2342 m) ist der nat\u00fcrliche \u00dcbergang zwischen Davos und Langwies unterhalb von Arosa. F\u00fcr Mountainbiker gibt es zahlreiche Variationsm\u00f6glichkeiten, von Davoser Seite mit Hilfe von Schatzalp- und Parsennbahn, auf Aroser Seite v.a. durch Verl\u00e4ngerung der Abfahrt \u00fcber die ber\u00fcchtigte &#8222;Tritt&#8220; und Medergen, zum maximalen Trailausbau.<\/p>\n<p>Teil des hier gezeigten Verlaufs ist die Auffahrt von Davos \u00fcber die Schatzalp <span class=\"fe5nidar khvhiq1o r5qsrrlp i5tg98hk f9ovudaz przvwfww gx1rr48f gfz4du6o r7fjleex nz2484kf svot0ezm dcnh1tix sxl192xd t3g6t33p\"><span class=\"mpj7bzys xzlurrtv\">\ud83c\udfe0<\/span><\/span> zum Strelapass <span class=\"fe5nidar khvhiq1o r5qsrrlp i5tg98hk f9ovudaz przvwfww gx1rr48f gfz4du6o r7fjleex nz2484kf svot0ezm dcnh1tix sxl192xd t3g6t33p\"><span class=\"mpj7bzys xzlurrtv\">\ud83c\udfe0<\/span><\/span> auf Schotter. Diese 7,4 km lange Schotterstrecke, beginnend ab Davos-Platz Bahnhof, \u00fcberwindet genau 800 hm, davon 330 bis zur Schatzalp sehr gut fahrbar im Wald, dahinter \u00fcberwiegend steil und grob geschottert, so dass nur starke Biker und E-Biker den Anstieg vollst\u00e4ndig fahren k\u00f6nnen. Alternativ ist es m\u00f6glich, die Schatzalp <span class=\"fe5nidar khvhiq1o r5qsrrlp i5tg98hk f9ovudaz przvwfww gx1rr48f gfz4du6o r7fjleex nz2484kf svot0ezm dcnh1tix sxl192xd t3g6t33p\"><span class=\"mpj7bzys xzlurrtv\">\u2935\ufe0f<\/span><\/span> mit der gleichnamigen Bahn ab Davos zu erreichen. Beliebter ist die Zufahrt mit der Parsennbahn <span class=\"fe5nidar khvhiq1o r5qsrrlp i5tg98hk f9ovudaz przvwfww gx1rr48f gfz4du6o r7fjleex nz2484kf svot0ezm dcnh1tix sxl192xd t3g6t33p\"><span class=\"mpj7bzys xzlurrtv\">\u2935\ufe0f<\/span><\/span>, die man an der Mittelstation verlassen und dann 170 hm zum Strelapass auf dem Panoramaweg auffahren kann, oder sogar bis zum Weissfluhjoch (2685 m) auffahren, und dann auf einem Trail lediglich bergab zum Strelapass fahren kann.<\/p>\n<p>Vom Strelapass <span class=\"fe5nidar khvhiq1o r5qsrrlp i5tg98hk f9ovudaz przvwfww gx1rr48f gfz4du6o r7fjleex nz2484kf svot0ezm dcnh1tix sxl192xd t3g6t33p\"><span class=\"mpj7bzys xzlurrtv\">\u2934\ufe0f<\/span><\/span> aus kann optional in Richtung Langwies abgefahren werden. Diese direkte Abfahrt f\u00fchrt nur auf den ersten 360 hm (ca. 2,2 km Strecke) einen Spitzkehrentrail hinab, danach bleibt sie auf Schotter. Die hier empfohlene Strecke ist wesentlich anspruchsvoller, aber auch sehenswerter. Sie \u00fcberquert vom Strelapass kommend noch den s\u00fcdlich am Kamm gelegenen Pass Latsch\u00fcelfurgga (2409 m). Historischer Zweck dieses h\u00f6heren \u00dcbergangs ist es, nach Medergen, zum Hof Tieja und nach Arosa zu gelangen, ohne zuerst vollends nach Langwies abzusteigen. Entsprechend verl\u00e4uft der gesamte Weg bis kurz vor Arosa als Quergang bzw. Hangweg mit reizvollen Ausblicken. Der Anstieg zum eigentlichen Latsch\u00fcelfurgga kann gr\u00f6\u00dftenteils geradelt werden, und passiert den kleinen Strelasee. Es bestehen tolle Ausblicke nach Davos hinunter. W\u00e4hrend dieser Anstieg wenig konsequent oder steil vonseiten des Strelapasses hinauf f\u00fchrte, beginnt die Abfahrt auf der Westseite gleich mit zahlreichen Serpentinen und einem tollen Singletrail, der f\u00fcr gute Biker voll fahrbar ist.<\/p>\n<p>Rund 800 Streckenmeter nach dem Latsch\u00fcelfurgga durchquert die Strecke einen flachen Bereich mit mehreren sich vereinigenden Quellb\u00e4chen, die talseitig eine Felsstufe durchbrechen. Selbige Felsstufe wird anschlie\u00dfend auch vom Wanderweg durchquert, wobei die ber\u00fchmte Treppe durch die Felswand begangen wird. Die steile und sehr lange Treppe besteht aus mehreren einzelnen Abs\u00e4tzen, ist hangseitig mit einem Stahlseil gesichert und bricht auch talseitig nicht direkt senkrecht ab, sondern es gibt eine &#8222;Pufferzone&#8220; aus Ger\u00f6ll. Die Trittstufen sind h\u00f6lzern, deren Au\u00dfenkanten aber metallisch. Das Rad kann auf dem Hinterrad stehend hinuntergeschoben, oder rechter Hand getragen werden.<\/p>\n<p>Nach der Tritt geht die Strecke in einen 1,2 km langen Trail \u00fcber, der \u00fcber einen unregelm\u00e4\u00dfigen Wiesenbereich f\u00fchrt. Durch viele anstehende Felsst\u00fccke und &#8222;L\u00f6cher&#8220; im Gras kann der Abschnitt nur sehr aufmerksam und nicht vollst\u00e4ndig befahren werden. Anschlie\u00dfend bessert sich der Untergrund, und bis Medergen ist der Trail voll fahrbar. In Medergen gibt es Trinkbrunnen, eine zeitweise ge\u00f6ffnete Einkehrm\u00f6glichkeit, und eine Ausstiegsm\u00f6glichkeit <span class=\"fe5nidar khvhiq1o r5qsrrlp i5tg98hk f9ovudaz przvwfww gx1rr48f gfz4du6o r7fjleex nz2484kf svot0ezm dcnh1tix sxl192xd t3g6t33p\"><span class=\"mpj7bzys xzlurrtv\">\u2934\ufe0f<\/span><\/span> \u00fcber eine Schotterstra\u00dfe ins Tal.<\/p>\n<p>Hinter Medergen steigt die Strecke auf Schotter zum Hof Tieja rund 50 hm an. Sie f\u00e4llt danach als voll fahrbarer Trail wieder ab, wobei auf 2,9 km Trailstrecke bis zur Furggaalp rund 310 Tiefenmeter gemacht werden. Der Trail verl\u00e4uft vollst\u00e4ndig im Wald mit zahlreichen Wurzeln. Der danach folgende Schotterweg f\u00fchrt hinab zum Stausee Arosa, von dem aus das letzte St\u00fcck des hier empfohlenen Streckenverlaufs bis ins Zentrum von Arosa noch 1,6 km \/ 150 hm ansteigt. Hier liegen der Bahnhof sowie in 2 km Entfernung die H\u00f6rnlibahn zur Fortf\u00fchrung nach Lenzerheide.[\/vc_column_text][vc_row_inner css=&#8220;.vc_custom_1674588021227{margin-bottom: 0px !important;padding-bottom: 0px !important;background-color: #f7f3ec !important;}&#8220;][vc_column_inner][vc_text_separator title=&#8220;Strelapass und Tritt im BergBiken-Tourenangebot&#8220; title_align=&#8220;separator_align_left&#8220; align=&#8220;align_left&#8220; border_width=&#8220;2&#8243;][vc_column_text]<a class=\"button  button_size_1\" href=\"https:\/\/www.bergbiken.de\/wp\/enduroischglaltarezia\"     style=\"background-color:#f7ca40!important;color:black;\" target=\"_blank\"    title=\"\"><span class=\"button_label\">\u26ab Enduro-Rundtour Ischgl \u00bb Alta Rezia<\/span><\/a>\n <a class=\"button  button_size_1\" href=\"https:\/\/www.bergbiken.de\/wp\/suednord\"     style=\"background-color:#f7ca40!important;color:black;\" target=\"_blank\"    title=\"\"><span class=\"button_label\">\u26ab S\u00fcd-Nord-Alpencross<\/span><\/a>\n[\/vc_column_text][\/vc_column_inner][\/vc_row_inner][\/vc_column][vc_column width=&#8220;1\/4&#8243;][vc_images_carousel images=&#8220;45196,45197,45198,45199,45200,45195&#8243; img_size=&#8220;full&#8220; mode=&#8220;vertical&#8220; slides_per_view=&#8220;10&#8243; hide_pagination_control=&#8220;yes&#8220; hide_prev_next_buttons=&#8220;yes&#8220; wrap=&#8220;yes&#8220; css=&#8220;.vc_custom_1732388675694{margin-top: 0px !important;margin-right: 0px !important;margin-bottom: 0px !important;margin-left: 0px !important;padding-top: 0px !important;padding-right: 0px !important;padding-bottom: 0px !important;padding-left: 0px !important;}&#8220;][\/vc_column][\/vc_row]<\/p>\n","protected":false},"excerpt":{"rendered":"<p>[vc_row full_width=&#8220;stretch_row_content_no_spaces&#8220; css=&#8220;.vc_custom_1585690855060{margin-top: 0px !important;margin-right: 0px !important;margin-bottom: 0px !important;margin-left: 0px !important;padding-top: 0px !important;padding-right: 0px !important;padding-bottom: 0px !important;padding-left: 0px !important;}&#8220;][vc_column css=&#8220;.vc_custom_1606858675358{margin-top: 0px !important;margin-right: 0px !important;margin-bottom: 0px !important;margin-left:<span class=\"excerpt-hellip\"> [\u2026]<\/span><\/p>\n","protected":false},"author":1,"featured_media":0,"parent":0,"menu_order":0,"comment_status":"closed","ping_status":"closed","template":"","meta":{"footnotes":""},"class_list":["post-45193","page","type-page","status-publish","hentry"],"jetpack_sharing_enabled":true,"_links":{"self":[{"href":"https:\/\/www.bergbiken.de\/wp\/wp-json\/wp\/v2\/pages\/45193","targetHints":{"allow":["GET"]}}],"collection":[{"href":"https:\/\/www.bergbiken.de\/wp\/wp-json\/wp\/v2\/pages"}],"about":[{"href":"https:\/\/www.bergbiken.de\/wp\/wp-json\/wp\/v2\/types\/page"}],"author":[{"embeddable":true,"href":"https:\/\/www.bergbiken.de\/wp\/wp-json\/wp\/v2\/users\/1"}],"replies":[{"embeddable":true,"href":"https:\/\/www.bergbiken.de\/wp\/wp-json\/wp\/v2\/comments?post=45193"}],"version-history":[{"count":10,"href":"https:\/\/www.bergbiken.de\/wp\/wp-json\/wp\/v2\/pages\/45193\/revisions"}],"predecessor-version":[{"id":45573,"href":"https:\/\/www.bergbiken.de\/wp\/wp-json\/wp\/v2\/pages\/45193\/revisions\/45573"}],"wp:attachment":[{"href":"https:\/\/www.bergbiken.de\/wp\/wp-json\/wp\/v2\/media?parent=45193"}],"curies":[{"name":"wp","href":"https:\/\/api.w.org\/{rel}","templated":true}]}}