{"id":2422,"date":"2020-12-15T21:47:11","date_gmt":"2020-12-15T20:47:11","guid":{"rendered":"https:\/\/www.bergbiken.de\/wp\/?page_id=2422"},"modified":"2022-10-24T22:43:02","modified_gmt":"2022-10-24T20:43:02","slug":"selfguidedinfo","status":"publish","type":"page","link":"https:\/\/www.bergbiken.de\/wp\/selfguidedinfo\/","title":{"rendered":"Was ist eine Selfguided-Tour?"},"content":{"rendered":"<p>[vc_row][vc_column][vc_empty_space][vc_column_text]<\/p>\n<h1>Was ist eine Selfguided-Tour?<\/h1>\n<p>[\/vc_column_text][vc_row_inner][vc_column_inner width=&#8220;2\/3&#8243;][vc_column_text]Alle unsere Touren k\u00f6nnen Sie auch als Selfguided-Touren buchen. Dabei fahren Sie mit zuverl\u00e4ssigen GPS-Daten, auf Wunsch Kartenmaterial mit eingezeichneter Strecke, unserem Gep\u00e4cktransport mit streckenkundigem und stets erreichbarem Fahrer, und in jedem Fall mit Rund-um-die-Uhr-Betreuung durch uns per Telefon, Email, Whatsapp und vor Ort bei Problemen.<\/p>\n<p>Selfguided-Touren k\u00f6nnen Sie mit Ihrer Gruppe bereits ab 3 Personen fahren &#8211; die Tour wird von uns individuell f\u00fcr Sie organisiert, ohne weitere Teilnehmer. Bei einer Selfguided-Tour sind wie bei gef\u00fchrten Touren auch alle Hotels f\u00fcr Sie vorab reserviert und bezahlt, und auch der R\u00fccktransfer findet zu Ihrer gew\u00fcnschten Zeit nur f\u00fcr Sie im Taxi mit Fahrradanh\u00e4nger statt. E-MTB und Mountainbikes k\u00f6nnen &#8222;gemischt&#8220;, oder auch entsprechend der Vorlieben in Ihrer Gruppe, genutzt werden.<\/p>\n<p>Alles, was Sie f\u00fcr eine Selfguided-Tour brauchen, ist ein <strong>GPS-Ger\u00e4t oder Smartphone<\/strong> mit gut funktionierender Navigations-App (Empfehlungen siehe unten).<\/p>\n<p>Um eine Selfguided-Tour zu buchen, fragen Sie jede beliebige Tour von unserer Webseite bei uns als Selfguided-Version an &#8211; oder nutzen unseren <a href=\"https:\/\/www.bergbiken.de\/td\">Transalp Designer<\/a>, um einen Alpencross auf einer freien Route zu erstellen.<\/p>\n<p>&nbsp;<\/p>\n<p><strong>Geeignete Navigationsger\u00e4te<\/strong><\/p>\n<p>Der Markt f\u00fcr Navigationsger\u00e4te ist ebenso riesig wie jener f\u00fcr Navigations-Apps f\u00fcr Ihr Smartphone. Im Lauf der Jahre haben wir gelernt, dass jeder Biker sein eigenes Ger\u00e4t sehr gut einsetzen kann. Wichtig ist, dass Sie \u00dcbung damit haben, mit dem Ger\u00e4t vorgegebenen GPS-Tracks (meist im GPX-Format, aber auch andere Formate sind m\u00f6glich) zu folgen, passende Karten darauf installiert oder heruntergeladen haben, und dass das Ger\u00e4t robust (f\u00fcr schwere Abfahrten oder notfalls auch St\u00fcrze) ist und eine ausreichend lange Akkulaufzeit f\u00fcr ganzt\u00e4gige Etappen hat.<\/p>\n<p>Bei den <strong>GPS-Ger\u00e4ten<\/strong> haben wir im Lauf der Zeit positive Erfahrungen mit den Ger\u00e4ten des Herstellers Garmin gemacht, insbesondere mit den Serien eTrex (z.B. eTrex 30x) und Oregon (z.B. Oregon 700). Diese lagen bis 2022 preislich im Bereich von 180 bis 300 Euro. Das f\u00fcr die Tour ben\u00f6tigte Kartenmaterial k\u00f6nnen Sie zus\u00e4tzlich von Garmin kaufen, oder auch kostenlos von externen Anbietern bekommen (wir empfehlen gern die <a href=\"https:\/\/openmtbmap.org\/\" target=\"_blank\" rel=\"noopener\">OpenMTBMap<\/a> &#8211; die wir auch selbst aktiv pflegen, wenn mal ein von uns genutzter Trail nicht im Netz verzeichnet ist). Sie k\u00f6nnen Garmin-GPS-Ger\u00e4te von uns f\u00fcr Ihre Tour ausleihen &#8211; der Preis betr\u00e4gt je nach Strecke und Tourdauer 30 bis maximal 45 Euro pro Tour. Im Transalp-Designer k\u00f6nnen Sie die entsprechende Option direkt anklicken, oder uns bei Anfrage f\u00fcr eine individuelle Transalp-Tour Ihren Ausleihwunsch auch formlos mitteilen.<\/p>\n<p>Unter den <strong>Navigations-Apps<\/strong> f\u00fcr Smartphones hat sich die nur f\u00fcr Android verf\u00fcgbare App <a href=\"https:\/\/www.locusmap.app\/de\/\" target=\"_blank\" rel=\"noopener\">Locus Map<\/a> inzwischen einen Namen gemacht, da die kostenlose Version sehr umfangreiche Funktionen besitzt, und alle Karten vorab heruntergeladen werden k\u00f6nnen. F\u00fcr iPhone-Nutzer empfiehlt sich die sehr gute App <a href=\"https:\/\/mapout.app\/de\/\" target=\"_blank\" rel=\"noopener\">MapOut<\/a>.<\/p>\n<p>Dringend <em>abraten<\/em> m\u00f6chten wir von der sehr beliebten und verbreiteten App Komoot! Diese ist zwar optisch sehr ansprechend und besitzt ebenfalls einen tollen Funktionsumfang und eine sehr intuitive Bedienung &#8211; aber sie \u00e4ndert ohne R\u00fcckfrage an den Nutzer GPS-Tracks ab. Dies wird dem Nutzer w\u00e4hrend der Navigation auch nicht mitgeteilt. Die gelegentlich von der App gestellte Frage, ob die Tracks ge\u00e4ndert werden d\u00fcrfen, kann zwar verneint werden, aber dennoch \u00e4ndert die App in Bereichen, die sie (z.B. aufgrund des l\u00fcckenhaften zugrunde liegenden Wegenetzes) f\u00fcr nicht befahrbar h\u00e4lt, den Trackverlauf. Wenn Sie Komoot auf Ihrer Selfguided-Tour nutzen m\u00f6chten, bitten wir Sie unbedingt, zur Sicherheit noch eine zweite App zu installieren und beide regelm\u00e4\u00dfig abzugleichen.[\/vc_column_text][\/vc_column_inner][vc_column_inner width=&#8220;1\/3&#8243;][vc_single_image image=&#8220;2428&#8243; img_size=&#8220;full&#8220; css=&#8220;.vc_custom_1608065089835{margin-bottom: 0px !important;padding-bottom: 0px !important;}&#8220;][vc_single_image image=&#8220;2429&#8243; img_size=&#8220;full&#8220; css=&#8220;.vc_custom_1608065102284{margin-bottom: 0px !important;padding-bottom: 0px !important;}&#8220;][vc_single_image image=&#8220;2431&#8243; img_size=&#8220;full&#8220; css=&#8220;.vc_custom_1608065121538{margin-bottom: 0px !important;padding-bottom: 0px !important;}&#8220;][vc_single_image image=&#8220;2432&#8243; img_size=&#8220;full&#8220; css=&#8220;.vc_custom_1608065134721{margin-bottom: 0px !important;padding-bottom: 0px !important;}&#8220;][vc_single_image image=&#8220;2433&#8243; img_size=&#8220;full&#8220; css=&#8220;.vc_custom_1608065150660{margin-bottom: 0px !important;padding-bottom: 0px !important;}&#8220;][\/vc_column_inner][\/vc_row_inner][\/vc_column][\/vc_row]<\/p>\n","protected":false},"excerpt":{"rendered":"<p>[vc_row][vc_column][vc_empty_space][vc_column_text] Was ist eine Selfguided-Tour? [\/vc_column_text][vc_row_inner][vc_column_inner width=&#8220;2\/3&#8243;][vc_column_text]Alle unsere Touren k\u00f6nnen Sie auch als Selfguided-Touren buchen. Dabei fahren Sie mit zuverl\u00e4ssigen GPS-Daten, auf Wunsch Kartenmaterial mit eingezeichneter<span class=\"excerpt-hellip\"> [\u2026]<\/span><\/p>\n","protected":false},"author":1,"featured_media":0,"parent":0,"menu_order":0,"comment_status":"closed","ping_status":"closed","template":"","meta":{"footnotes":""},"class_list":["post-2422","page","type-page","status-publish","hentry"],"jetpack_sharing_enabled":true,"_links":{"self":[{"href":"https:\/\/www.bergbiken.de\/wp\/wp-json\/wp\/v2\/pages\/2422","targetHints":{"allow":["GET"]}}],"collection":[{"href":"https:\/\/www.bergbiken.de\/wp\/wp-json\/wp\/v2\/pages"}],"about":[{"href":"https:\/\/www.bergbiken.de\/wp\/wp-json\/wp\/v2\/types\/page"}],"author":[{"embeddable":true,"href":"https:\/\/www.bergbiken.de\/wp\/wp-json\/wp\/v2\/users\/1"}],"replies":[{"embeddable":true,"href":"https:\/\/www.bergbiken.de\/wp\/wp-json\/wp\/v2\/comments?post=2422"}],"version-history":[{"count":14,"href":"https:\/\/www.bergbiken.de\/wp\/wp-json\/wp\/v2\/pages\/2422\/revisions"}],"predecessor-version":[{"id":2971,"href":"https:\/\/www.bergbiken.de\/wp\/wp-json\/wp\/v2\/pages\/2422\/revisions\/2971"}],"wp:attachment":[{"href":"https:\/\/www.bergbiken.de\/wp\/wp-json\/wp\/v2\/media?parent=2422"}],"curies":[{"name":"wp","href":"https:\/\/api.w.org\/{rel}","templated":true}]}}