{"id":1810,"date":"2020-10-29T22:49:03","date_gmt":"2020-10-29T21:49:03","guid":{"rendered":"https:\/\/www.bergbiken.de\/wp\/?page_id=1810"},"modified":"2025-12-24T23:49:44","modified_gmt":"2025-12-24T22:49:44","slug":"boco","status":"publish","type":"page","link":"https:\/\/www.bergbiken.de\/wp\/boco\/","title":{"rendered":"Transalp Bodensee \u00bb Comer See"},"content":{"rendered":"<p>[vc_row full_width=&#8220;stretch_row_content_no_spaces&#8220; css=&#8220;.vc_custom_1585690855060{margin-top: 0px !important;margin-right: 0px !important;margin-bottom: 0px !important;margin-left: 0px !important;padding-top: 0px !important;padding-right: 0px !important;padding-bottom: 0px !important;padding-left: 0px !important;}&#8220;][vc_column css=&#8220;.vc_custom_1585690771085{margin-top: 0px !important;margin-right: 0px !important;margin-bottom: 0px !important;margin-left: 0px !important;padding-top: 0px !important;padding-right: 0px !important;padding-bottom: 0px !important;padding-left: 0px !important;background-position: center !important;background-repeat: no-repeat !important;background-size: cover !important;}&#8220; offset=&#8220;vc_hidden-xs&#8220;][vc_single_image image=&#8220;1811&#8243; img_size=&#8220;full&#8220; alignment=&#8220;center&#8220;][\/vc_column][\/vc_row][vc_row][vc_column offset=&#8220;vc_hidden-lg vc_hidden-md vc_hidden-sm&#8220;][vc_empty_space height=&#8220;10px&#8220;][\/vc_column][\/vc_row][vc_row][vc_column][vc_column_text]<\/p>\n<h1 id=\"seitentitel\">Transalp Bodensee \u00bb Comer See<\/h1>\n<p>[\/vc_column_text][\/vc_column][\/vc_row][vc_row full_width=&#8220;stretch_row_content_no_spaces&#8220;][vc_column offset=&#8220;vc_hidden-lg vc_hidden-md vc_hidden-sm&#8220;][vc_single_image image=&#8220;1812&#8243; img_size=&#8220;full&#8220; alignment=&#8220;center&#8220; style=&#8220;vc_box_rounded&#8220; css=&#8220;.vc_custom_1604005996295{margin-top: 10px !important;margin-right: 0px !important;margin-bottom: 10px !important;margin-left: 0px !important;border-top-width: 1px !important;border-right-width: 1px !important;border-bottom-width: 1px !important;border-left-width: 1px !important;padding-top: 0px !important;padding-right: 0px !important;padding-bottom: 0px !important;padding-left: 0px !important;border-left-color: #020202 !important;border-right-color: #020202 !important;border-top-color: #020202 !important;border-bottom-color: #020202 !important;border-radius: 1px !important;}&#8220;][\/vc_column][\/vc_row][vc_row][vc_column offset=&#8220;vc_hidden-xs&#8220;][vc_column_text]<\/p>\n<h1 id=\"seitentitel\"><\/h1>\n<p align=\"justify\"><b class=\"text\">Viert\u00e4gige Alpen\u00fcberquerung f\u00fcr Einsteiger vom Bodensee zum Comer See mit zwei P\u00e4ssen durch die Schweizer Alpenwelt.<\/b><\/p>\n<p align=\"justify\"><span class=\"text\">Die Transalp vom Bodensee zum Comer See verbindet auf Radwegen, einer Pass-Stra\u00dfe und kurzen Schotterstrecken \u00fcber den Kunkels- und den Spl\u00fcgenpass zwei attraktive Endpunkte \u00fcber hochalpine und f\u00fcr Einsteiger geeignete P\u00e4sse durch die Zentralalpen. Der Kunkelspass mit 1357 m Meeresh\u00f6he dient zun\u00e4chst einer Einstimmung: Aus dem Rheintal kommend, k\u00f6nnen hier der Anspruch und die Reize l\u00e4ngeren Bergaufkurbelns erlebt und die eigenen Grenzen sicherlich leicht ermittelt werden. Der Spl\u00fcgenpass am Alpenhauptkamm dagegen ist dann schon ein ausgewachsener Alpenpass mit 2113 m Meeresh\u00f6he und verlangt auch den trainiertesten Teilnehmern einiges ab. Die Tour eignet sich bestens f\u00fcr Einsteiger, die Erfahrungen auf ihrer ersten Transalp-Tour sammeln m\u00f6chten, nicht zu lange Tagesetappen und moderate Anstiege bevorzugen und gerne &#8222;von See zu See&#8220; fahren m\u00f6chten. Die Reisedauer liegt bei vier Tagen, insgesamt werden rund 3600 H\u00f6henmeter \u00fcberwunden.<\/span><\/p>\n<p>[\/vc_column_text][\/vc_column][\/vc_row][vc_row][vc_column offset=&#8220;vc_hidden-lg vc_hidden-md vc_hidden-sm&#8220;][vc_column_text]<\/p>\n<h1 id=\"seitentitel\"><\/h1>\n<p id=\"fetttext\" style=\"text-align: justify;\"><strong><b class=\"text\">Viert\u00e4gige Alpen\u00fcberquerung f\u00fcr Einsteiger vom Bodensee zum Comer See mit zwei P\u00e4ssen durch die Schweizer Alpenwelt.<\/b><\/strong><\/p>\n<p>[\/vc_column_text][vc_column_text]<\/p>\n<ul style=\"list-style-image: url('https:\/\/www.bergbiken.de\/hakenkl.gif');\">\n<li>4 Etappen: Einrollen, Vorpass, Hauptkamm, Ausrollen<\/li>\n<li>Spl\u00fcgenpass mit 2113 m am Alpenhauptkamm<\/li>\n<li>Mediterraner Comer See als Zieletappe<\/li>\n<\/ul>\n<p>[\/vc_column_text][\/vc_column][\/vc_row][vc_row][vc_column offset=&#8220;vc_hidden-xs&#8220; css=&#8220;.vc_custom_1727167636631{background-color: #f7f3ec !important;}&#8220;][vc_row_inner css=&#8220;.vc_custom_1585348829079{margin-bottom: 0px !important;padding-bottom: 0px !important;}&#8220;][vc_column_inner width=&#8220;2\/6&#8243;][vc_column_text]<a href=\"https:\/\/www.bergbiken.de\/karteboconeu.jpg\" target=\"_blank\" rel=\"noopener noreferrer\"><img decoding=\"async\" style=\"width: 400px;\" src=\"https:\/\/www.bergbiken.de\/karteboconeu.jpg\" alt=\"Karte zur Tour\" \/><\/a><br \/>\n<a href=\"https:\/\/www.bergbiken.de\/profilboconeu.png\" target=\"_blank\" rel=\"noopener noreferrer\"><img decoding=\"async\" style=\"width: 400px;\" src=\"https:\/\/www.bergbiken.de\/profilboconeukl.png\" alt=\"Profil zur Tour\" \/><\/a><\/p>\n<h6><i>Karte und Profil der Tour &#8211; zum Vergr\u00f6\u00dfern klicken<\/i><\/h6>\n<p>[\/vc_column_text][\/vc_column_inner][vc_column_inner width=&#8220;4\/6&#8243;][vc_column_text]<\/p>\n<table border=\"0\" width=\"100%\" cellspacing=\"0\" cellpadding=\"0\">\n<tbody>\n<tr>\n<td><b>Reisedauer:<\/b><\/td>\n<td width=\"10px\"><\/td>\n<td id=\"reisedauer\">4 Etappen<\/td>\n<\/tr>\n<tr>\n<td><b>Gesamtleistung:<\/b><\/td>\n<td width=\"10px\"><\/td>\n<td>284 km, 3528 hm<\/td>\n<\/tr>\n<tr>\n<td><b>Tagesleistungen:<\/b><\/td>\n<td width=\"10px\"><\/td>\n<td>65-85 km, 300-1550 hm, \u2205 71 km, 882 hm pro Tag<\/td>\n<\/tr>\n<tr>\n<td><b><a href=\"https:\/\/www.bergbiken.de\/index.asp?id=25\" target=\"_parent\" rel=\"noopener noreferrer\">Level<\/a>:<\/b><\/td>\n<td width=\"10px\"><\/td>\n<td><span style=\"color: white; background-color: blue;\">\u00a0Einsteiger\u00a0<\/span><\/td>\n<\/tr>\n<tr>\n<td><b>Kondition:<\/b><\/td>\n<td width=\"10px\"><\/td>\n<td><img decoding=\"async\" src=\"https:\/\/www.bergbiken.de\/3.png\" alt=\"3 von 5 Sternen\" \/><\/td>\n<\/tr>\n<tr>\n<td><b>Fahrtechnik:<\/b><\/td>\n<td width=\"10px\"><\/td>\n<td id=\"fahrtechnik\"><img decoding=\"async\" src=\"https:\/\/www.bergbiken.de\/1.png\" alt=\"1 von 5 Sternen\" \/><\/td>\n<\/tr>\n<tr>\n<td><b><a href=\"https:\/\/www.bergbiken.de\/index.asp?id=93\" target=\"_parent\" rel=\"noopener noreferrer\">E-Bikes<\/a>:<\/b><\/td>\n<td width=\"10px\"><\/td>\n<td><img decoding=\"async\" style=\"width: auto; height: 14px;\" src=\"https:\/\/www.bergbiken.de\/td\/Img\/ebike_green.png\" alt=\"f\u00fcr E-MTB geeignet\" \/> f\u00fcr E-MTB geeignet<\/td>\n<\/tr>\n<\/tbody>\n<\/table>\n<p>[\/vc_column_text][\/vc_column_inner][\/vc_row_inner][\/vc_column][\/vc_row][vc_row][vc_column offset=&#8220;vc_hidden-lg vc_hidden-md vc_hidden-sm&#8220; css=&#8220;.vc_custom_1727167643767{background-color: #f7f3ec !important;}&#8220;][vc_row_inner css=&#8220;.vc_custom_1585348829079{margin-bottom: 0px !important;padding-bottom: 0px !important;}&#8220;][vc_column_inner width=&#8220;2\/6&#8243;][vc_column_text]<a href=\"https:\/\/www.bergbiken.de\/karteboconeu.jpg\" target=\"_blank\" rel=\"noopener noreferrer\"><img decoding=\"async\" style=\"width: 400px;\" src=\"https:\/\/www.bergbiken.de\/karteboconeu.jpg\" alt=\"Karte zur Tour\" \/><\/a><\/p>\n<h6><i>Karte der Tour &#8211; zum Vergr\u00f6\u00dfern tippen<\/i><\/h6>\n<p>[\/vc_column_text][\/vc_column_inner][vc_column_inner width=&#8220;4\/6&#8243;][vc_column_text]<\/p>\n<table border=\"0\" width=\"100%\" cellspacing=\"0\" cellpadding=\"0\">\n<tbody>\n<tr>\n<td><b>Reisedauer:<\/b><\/td>\n<td width=\"10px\"><\/td>\n<td id=\"reisedauer\">4 Etappen<\/td>\n<\/tr>\n<tr>\n<td><b>Gesamtleistung:<\/b><\/td>\n<td width=\"10px\"><\/td>\n<td>284 km, 3528 hm<\/td>\n<\/tr>\n<tr>\n<td><b>Tagesleistungen:<\/b><\/td>\n<td width=\"10px\"><\/td>\n<td>65-85 km, 300-1550 hm, \u2205 71 km, 882 hm pro Tag<\/td>\n<\/tr>\n<tr>\n<td><b><a href=\"https:\/\/www.bergbiken.de\/index.asp?id=25\" target=\"_parent\" rel=\"noopener noreferrer\">Level<\/a>:<\/b><\/td>\n<td width=\"10px\"><\/td>\n<td><span style=\"color: white; background-color: blue;\">\u00a0Einsteiger\u00a0<\/span><\/td>\n<\/tr>\n<tr>\n<td><b>Kondition:<\/b><\/td>\n<td width=\"10px\"><\/td>\n<td><img decoding=\"async\" src=\"https:\/\/www.bergbiken.de\/3.png\" alt=\"3 von 5 Sternen\" \/><\/td>\n<\/tr>\n<tr>\n<td><b>Fahrtechnik:<\/b><\/td>\n<td width=\"10px\"><\/td>\n<td id=\"fahrtechnik\"><img decoding=\"async\" src=\"https:\/\/www.bergbiken.de\/1.png\" alt=\"1 von 5 Sternen\" \/><\/td>\n<\/tr>\n<tr>\n<td><b><a href=\"https:\/\/www.bergbiken.de\/index.asp?id=93\" target=\"_parent\" rel=\"noopener noreferrer\">E-Bikes<\/a>:<\/b><\/td>\n<td width=\"10px\"><\/td>\n<td><img decoding=\"async\" style=\"width: auto; height: 14px;\" src=\"https:\/\/www.bergbiken.de\/td\/Img\/ebike_green.png\" alt=\"f\u00fcr E-MTB geeignet\" \/> f\u00fcr E-MTB geeignet<\/td>\n<\/tr>\n<\/tbody>\n<\/table>\n<p>[\/vc_column_text][\/vc_column_inner][\/vc_row_inner][\/vc_column][\/vc_row][vc_row][vc_column][vc_empty_space height=&#8220;20px&#8220;][\/vc_column][\/vc_row][vc_row][vc_column width=&#8220;3\/4&#8243;][vc_text_separator title=&#8220;Ablauf der Reise&#8220; title_align=&#8220;separator_align_left&#8220; align=&#8220;align_left&#8220; border_width=&#8220;2&#8243;][vc_tta_accordion style=&#8220;modern&#8220; shape=&#8220;square&#8220; color=&#8220;white&#8220; spacing=&#8220;10&#8243; gap=&#8220;10&#8243; active_section=&#8220;1&#8243; no_fill=&#8220;true&#8220; collapsible_all=&#8220;true&#8220;][vc_tta_section title=&#8220;Tag 1: Lindau \u00bb Bad Ragaz (85 km, 300 hm)&#8220; tab_id=&#8220;1590268985015-c2d581fa-2af7&#8243;][vc_column_text]<span class=\"text\">Vom Bodenseeufer bei Lindau aus folgen wir zun\u00e4chst dem breiten Rheintal in die Alpen hinein, passieren Feldkirch und Vaduz sowie einige nette Schotterstellen und einzelne kleine Trailabschnitte, ohne dass es l\u00e4nger bergauf geht. Unsere erste \u00dcbernachtung findet schlie\u00dflich im Heidiland um Bad Ragaz statt. Dieser erste Tag hat nur wenige H\u00f6henmeter und dient zur Einstimmung auf die Alpenwelt um uns herum.<\/span>[\/vc_column_text][\/vc_tta_section][vc_tta_section title=&#8220;Tag 2: Bad Ragaz \u00bb Andeer (67 km, 1550 hm)&#8220; tab_id=&#8220;1585344099382-b7db8cfd-fd7f&#8220;][vc_column_text]<span class=\"text\">Dieser Tag f\u00fchrt uns gleich nach dem Fr\u00fchst\u00fcck eine nicht zu steile verkehrsfreie Stra\u00dfe \u00fcber Pf\u00e4fers auf den 1357 m hohen Kunkelspass, in dessen Gasthaus M\u00f6glichkeit zur Einkehr und Rast besteht. Die steile Abfahrt nach Tamins ist bestes \u00dcbungsterrain, aber auch Landschaftsfreunden bieten sich hier einige erinnernswerte Details, u.a. beste Ausblicke auf die Rheinschlucht und auf Chur. Die Hinterrheinschlucht hinauf geht es nun auf spektakul\u00e4ren Schotterwegen weiter \u00fcber Rothenbrunnen in Richtung San Bernadino und Via Mala. Die \u00dcbernachtung erfolgt in Andeer\/B\u00e4renburg, so dass M\u00f6glichkeiten zur Besichtigung der ber\u00fchmten Via Mala-Schlucht bestehen.<\/span>[\/vc_column_text][\/vc_tta_section][vc_tta_section title=&#8220;Tag 3: Andeer \u00bb Chiavenna (65 km, 1200 hm)&#8220; tab_id=&#8220;1585344258121-a3d2f303-d909&#8243;][vc_column_text]<span class=\"text\">Heute haben wir die K\u00f6nigsetappe unserer Tour vor uns. Sie verl\u00e4uft \u00fcber das D\u00f6rfchen Spl\u00fcgen den serpentinenreichen Spl\u00fcgenpass hinauf, der den Alpenhautkamm in 2113 m H\u00f6he \u00fcber dem Meer quert und auch f\u00fcr denjenigen, der hier lieber schiebt, ein herausragender landschaftlicher Genuss ist. Nach einer verdienten Pause im Pass-Gasthaus fahren wir enge Serpentinen hinab ins mediterrane Einzugsgebiet des Po und \u00fcberschreiten dabei die italienische Grenze. Wir \u00fcbernachten im charmanten Talhauptort Chiavenna.<\/span>[\/vc_column_text][\/vc_tta_section][vc_tta_section title=&#8220;Tag 4: Chiavenna \u00bb Como (69 km, 550 hm)&#8220; tab_id=&#8220;1585344300639-7433f0e7-411c&#8220;][vc_column_text]<span class=\"text\">Schlie\u00dflich fahren wir am letzten Tag immer talabw\u00e4rts zur Spitze des Comer Sees bei Colico. \u00dcber Varenna gelangen wir mit der F\u00e4hre auf die Spitze des Triangulo Lariano, der Halbinsel im See, an deren Westseite wir von Bellagio bis Como mit tollen Ausblicken ans Ziel rollen.<\/span>[\/vc_column_text][\/vc_tta_section][vc_tta_section title=&#8220;Tag 5: R\u00fccktransfer&#8220; tab_id=&#8220;1585344435177-840b9567-87f3&#8243;][vc_column_text]R\u00fccktransfer im Minibus mit Fahrradanh\u00e4nger von Como nach Lindau.[\/vc_column_text][\/vc_tta_section][\/vc_tta_accordion][vc_empty_space height=&#8220;20px&#8220;][vc_text_separator title=&#8220;Buchungs-Info&#8220; title_align=&#8220;separator_align_left&#8220; align=&#8220;align_left&#8220; border_width=&#8220;2&#8243;][vc_row_inner css=&#8220;.vc_custom_1585864973871{margin-right: 0px !important;margin-left: 0px !important;background-color: #f7f3ec !important;}&#8220;][vc_column_inner width=&#8220;2\/3&#8243;][vc_column_text]<b>Leistungen Selfguided-Tour<br \/>\n<\/b><\/p>\n<ul style=\"list-style-image: url('https:\/\/www.bergbiken.de\/hakenkl.gif');\">\n<li>Start + Ziel: Lindau am Bodensee (\u00dcbernachtung am Startort optional hinzubuchbar, Aufpreis 95 \u20ac p.P.)<\/li>\n<li>Selfguided-Transalp (mit GPS-Daten sowie telefonischer 24-Stunden-Betreuung von uns) mit Verlauf gem\u00e4\u00df obigen Beschreibungen<\/li>\n<li>4x \u00dcbernachtung\/Fr\u00fchst\u00fcck in Hotels und Pensionen im Doppelzimmer (Einzelzimmer-Zuschlag: 136 \u20ac)<\/li>\n<li>Gep\u00e4cktransport im Begleitfahrzeug ab Lindau bis Como von Unterkunft zu Unterkunft und zur\u00fcck nach Lindau<\/li>\n<li>R\u00fccktransfer am f\u00fcnften Tag nach Lindau im Minibus mit Fahrradanh\u00e4nger<\/li>\n<li><a href=\"https:\/\/www.bergbiken.de\/wp\/selfguidedinfo\/\">GPS-Daten der gesamten Tour und f\u00fcr alle Zusatzstrecken<\/a>, \u00dcbersichtsprofile mit Kurzinfos zu den Varianten, Vorbereitungsheft mit Packliste, optional Kartenmaterial im Ma\u00dfstab 1:40.000 mit eingetragener Strecke (Zuschlag einmalig 25 \u20ac), optional Leih-GPS-Ger\u00e4t Garmin Oregon (Zuschlag 35 \u20ac)<\/li>\n<li>Die Tour kann auch ohne Guide\/Gep\u00e4cktransport\/R\u00fccktransfer, mit Verl\u00e4ngerungs-\u00dcbernachtungen am Ziel oder in dessen Umgebung, in 5 oder 6 Etappen, mit Start in Ulm anstatt Lindau oder noch ganz anders durchgef\u00fchrt werden. Klicken Sie rechts auf &#8222;Leistungen \u00e4ndern&#8220;.<\/li>\n<li><b>Alle Gruppengr\u00f6\u00dfen m\u00f6glich, freie Terminwahl \ud83d\ude0a<\/b><\/li>\n<\/ul>\n<p>[\/vc_column_text][\/vc_column_inner][vc_column_inner width=&#8220;1\/3&#8243;][vc_column_text]<b>Reisepreis pro Person<br \/>\n<\/b><\/p>\n<a class=\"button  button_size_1\" href=\"http:\/\/www.bergbiken.de\/wp\/buchen\/?buchung=Transalp%20Bodensee-Comer%20See,%203%20Personen&#038;termin=Bitte%20Terminwunsch%20hier%20eintragen&#038;pr=1135%20\u20ac\"     style=\"background-color:#f7ca40!important;color:black;\" target=\"_blank\"    title=\"\"><span class=\"button_label\">3 Teiln. 1135 \u20ac \u00bb Buchen<\/span><\/a>\n\n<a class=\"button  button_size_1\" href=\"http:\/\/www.bergbiken.de\/wp\/buchen\/?buchung=Transalp%20Bodensee-Comer%20See,%204%20Personen&#038;termin=Bitte%20Terminwunsch%20hier%20eintragen&#038;pr=955%20\u20ac\"     style=\"background-color:#f7ca40!important;color:black;\" target=\"_blank\"    title=\"\"><span class=\"button_label\">4 Teiln. 955 \u20ac \u00bb Buchen<\/span><\/a>\n\n<a class=\"button  button_size_1\" href=\"http:\/\/www.bergbiken.de\/wp\/buchen\/?buchung=Transalp%20Bodensee-Comer%20See,%205%20Personen&#038;termin=Bitte%20Terminwunsch%20hier%20eintragen&#038;pr=886%20\u20ac\"     style=\"background-color:#f7ca40!important;color:black;\" target=\"_blank\"    title=\"\"><span class=\"button_label\">5 Teiln. 886 \u20ac \u00bb Buchen<\/span><\/a>\n\n<a class=\"button  button_size_1\" href=\"http:\/\/www.bergbiken.de\/wp\/buchen\/?buchung=Transalp%20Bodensee-Comer%20See,%206%20Personen&#038;termin=Bitte%20Terminwunsch%20hier%20eintragen&#038;pr=796%20\u20ac\"     style=\"background-color:#f7ca40!important;color:black;\" target=\"_blank\"    title=\"\"><span class=\"button_label\">6 Teiln. 796 \u20ac \u00bb Buchen<\/span><\/a>\n\n<a class=\"button  button_size_1\" href=\"http:\/\/www.bergbiken.de\/wp\/buchen\/?buchung=Transalp%20Bodensee-Comer%20See,%207%20Personen&#038;termin=Bitte%20Terminwunsch%20hier%20eintragen&#038;pr=769%20\u20ac\"     style=\"background-color:#f7ca40!important;color:black;\" target=\"_blank\"    title=\"\"><span class=\"button_label\">7 Teiln. 769 \u20ac \u00bb Buchen<\/span><\/a>\n\n<a class=\"button  button_size_1\" href=\"http:\/\/www.bergbiken.de\/wp\/anfrage\/?buchung=Transalp%20Bodensee-Comer%20See\"     style=\"background-color:#f0ab26!important;color:black;\" target=\"_blank\"    title=\"\"><span class=\"button_label\">\u00bb Anfrage stellen<\/span><\/a>\n\n<p>Bei Tourstart im Monat August behalten wir uns einen max. 7% h\u00f6heren Reisepreis vor.<\/p>\n<hr class=\"\" style=\"margin:0 auto 30px;\"\/>\n\n<p><a class=\"button  button_size_1\" href=\"https:\/\/www.bergbiken.de\/td\/td2.asp?km=284&#038;hm=3528&#038;r=Lindau-Oberriet-Sargans-Tamins-Thusis-Spluegen-Chiavenna-Colico-Como&#038;zgt=1.11&#038;zhot=1.17&#038;t=4\"     style=\"background-color:#f7ca40!important;color:black;\" target=\"_blank\"    title=\"\"><span class=\"button_label\">Leistungen \u00e4ndern<\/span><\/a>\n<a class=\"button  button_size_1\" href=\"https:\/\/www.bergbiken.de\/index.asp?id=87\"     style=\"background-color:#f7ca40!important;color:black;\" target=\"_blank\"    title=\"\"><span class=\"button_label\">GPS-Track-Service<\/span><\/a>\n[\/vc_column_text][\/vc_column_inner][\/vc_row_inner][\/vc_column][vc_column width=&#8220;1\/4&#8243;][vc_images_carousel images=&#8220;45410,1816,1817,1818,1819,1820,1821,1822&#8243; img_size=&#8220;full&#8220; mode=&#8220;vertical&#8220; slides_per_view=&#8220;8&#8243; hide_pagination_control=&#8220;yes&#8220; hide_prev_next_buttons=&#8220;yes&#8220; wrap=&#8220;yes&#8220; css=&#8220;.vc_custom_1762714967041{margin-top: 0px !important;margin-right: 0px !important;margin-bottom: 0px !important;margin-left: 0px !important;padding-top: 0px !important;padding-right: 0px !important;padding-bottom: 0px !important;padding-left: 0px !important;}&#8220;][\/vc_column][\/vc_row][vc_row][vc_column][vc_empty_space height=&#8220;20px&#8220;][vc_text_separator title=&#8220;Tourbetreuer: Benjamin Pape&#8220; title_align=&#8220;separator_align_left&#8220; align=&#8220;align_left&#8220; border_width=&#8220;2&#8243;][vc_row_inner][vc_column_inner width=&#8220;1\/6&#8243;][vc_single_image image=&#8220;433&#8243; img_size=&#8220;full&#8220; css=&#8220;.vc_custom_1588717857404{margin-bottom: 0px !important;}&#8220;][\/vc_column_inner][vc_column_inner width=&#8220;5\/6&#8243;]<div class=\"blockquote\"><span class=\"mfn-blockquote-icon\"><i class=\"icon-quote\" aria-hidden=\"true\"><\/i><\/span><blockquote class=\"mfn-inline-editor\">Unsere Einsteiger-Transalp quer durch die Schweiz, von See zu See, f\u00fcr Einsteiger mit hochalpinen Ambitionen: Der Spl\u00fcgenpass mit seiner auf zwei Tage verteilten Auffahrt, und der 1800 Tiefenmeter umfassenden Abfahrt (die wahlweise auch auf Trails m\u00f6glich ist), ist klarer H\u00f6hepunkt dieser Tour zwischen der biederen Ostschweiz und der lebhaften Lombardei, zwischen Rhein und Adda, oder &#8211; hier spricht der Geologe: Genau entlang der Grenze zwischen Ost- und Westalpen. Zu- und Abbringer n\u00f6rdlich und s\u00fcdlich davon runden die Tour zu einem Erlebnis ab, das jeden Einsteiger zum Transalp-Fan macht.<\/blockquote><\/div>\n[\/vc_column_inner][\/vc_row_inner][vc_empty_space height=&#8220;20px&#8220;][\/vc_column][\/vc_row][vc_row][vc_column][vc_tta_accordion style=&#8220;modern&#8220; shape=&#8220;square&#8220; color=&#8220;white&#8220; spacing=&#8220;10&#8243; gap=&#8220;10&#8243; active_section=&#8220;1&#8243; no_fill=&#8220;true&#8220; collapsible_all=&#8220;true&#8220;][vc_tta_section title=&#8220;Weitere zu erwartende Ausgaben&#8220; tab_id=&#8220;1585863828044-a552745d-1077&#8243;][vc_column_text]Verpflegung (au\u00dfer Fr\u00fchst\u00fcck), optionale Versicherungen.[\/vc_column_text][\/vc_tta_section][vc_tta_section title=&#8220;Termin und Teilnehmerzahl&#8220; tab_id=&#8220;1585863957293-9588b19b-36b4&#8243;][vc_column_text]Der Termin kann frei gew\u00e4hlt werden. Der Reisepreis ist von der Teilnehmerzahl abh\u00e4ngig (siehe Preisliste oben), auch gr\u00f6\u00dfere Gruppen sind m\u00f6glich. Falls Sie einzelne Leistungen nicht ben\u00f6tigen und\/oder die Strecke \u00e4ndern m\u00f6chten, klicken Sie auf &#8222;Leistungen \u00e4ndern&#8220;, um die Tour-Leistungen im Transalp-Designer individuell einzustellen.[\/vc_column_text][\/vc_tta_section][vc_tta_section title=&#8220;Pauschalreise im Sinne der Richtlinie (EU) 2015\/2302&#8243; tab_id=&#8220;1585863896259-f1c53e9f-7fef&#8220;][vc_column_text]Bei der Ihnen angebotenen Kombination von Reiseleistungen handelt es sich um eine <b>Pauschalreise im Sinne der Richtlinie (EU) 2015\/2302.<\/b> Daher k\u00f6nnen Sie alle EU-Rechte in Anspruch nehmen, die f\u00fcr Pauschalreisen gelten. BergBiken Benjamin Pape (Kontaktdaten s.o.) tr\u00e4gt die volle Verantwortung f\u00fcr die ordnungsgem\u00e4\u00dfe Durchf\u00fchrung der gesamten Pauschalreise. Zudem verf\u00fcgt BergBiken Benjamin Pape \u00fcber die gesetzlich vorgeschriebene Absicherung f\u00fcr die R\u00fcckzahlung Ihrer Zahlungen und, falls der Transport in der Pauschalreise inbegriffen ist (R\u00fccktransport, Zwischenshuttles), zur Sicherstellung Ihrer R\u00fcckbef\u00f6rderung im Fall seiner Insolvenz.<br \/>\n<a href=\"https:\/\/www.bergbiken.de\/eurichtfurz.htm\" target=\"_blank\" rel=\"noopener noreferrer\">Weiterf\u00fchrende Informationen zu Ihren wichtigsten Rechten nach der Richtlinie (EU) 2015\/2302<\/a><\/p>\n<p>Die Reise ist f\u00fcr Personen mit eingeschr\u00e4nkter Mobilit\u00e4t nicht geeignet.[\/vc_column_text][\/vc_tta_section][vc_tta_section title=&#8220;Reiser\u00fccktrittskosten-Versicherung&#8220; tab_id=&#8220;1585863927585-a472bf8c-2316&#8243;][vc_column_text]F\u00fcr den Krankheitsfall empfehlen wir grunds\u00e4tzlich den Abschluss einer <b>Reiser\u00fccktrittskosten-Versicherung<\/b> sowie einer Auslandsreisekrankenversicherung oder einer Versicherung zur Deckung der Kosten einer Unterst\u00fctzung einschlie\u00dflich einer R\u00fcckbef\u00f6rderung bei Unfall, Krankheit oder Tod. Sie k\u00f6nnen \u00fcber uns eine Reiser\u00fccktrittskostenversicherung der HanseMerkur f\u00fcr diese Tour abschlie\u00dfen. Die Versicherungspr\u00e4mie betr\u00e4gt f\u00fcr diese Reise 37-57 \u20ac (abh\u00e4ngig vom Reisepreis). Mehr Infos und Formular unter <a href=\"http:\/\/www.bergbiken.de\/rrv\" target=\"_blank\" rel=\"noopener noreferrer\">www.bergbiken.de\/rrv<\/a>.[\/vc_column_text][\/vc_tta_section][vc_tta_section title=&#8220;R\u00fccktritts- und Zahlungsmodalit\u00e4ten&#8220; tab_id=&#8220;1585863980058-1da3c22e-b9dc&#8220;][vc_column_text]Bei Nichterreichen der Mindestteilnehmerzahl kann BergBiken bis sp\u00e4testens 30 Tage vor Reisebeginn (Abs. 5 unserer <a href=\"https:\/\/www.bergbiken.de\/index.asp?id=28\" target=\"_blank\" rel=\"noopener noreferrer\">AGB<\/a>) von der Reise zur\u00fccktreten. Ein R\u00fccktritt von Ihrer Seite ist jederzeit m\u00f6glich, es fallen dabei je nach Vorlaufzeit zum geplanten Reisebeginn Stornierungskosten an, wie sie in Abs. 6 unserer <a href=\"https:\/\/www.bergbiken.de\/index.asp?id=28\" target=\"_blank\" rel=\"noopener noreferrer\">AGB<\/a> angegeben sind. Als Anzahlung sind 20% des Reisepreises bis 14 Tage nach Rechnungserhalt zu zahlen. Die Restrate (80%) wird 30 Tage vor Reisebeginn f\u00e4llig.[\/vc_column_text][\/vc_tta_section][vc_tta_section title=&#8220;Veranstalter dieser Reise&#8220; tab_id=&#8220;1585864011531-6f9c98ce-1e3c&#8220;][vc_column_text]BergBiken Benjamin Pape, Lange Str. 37, 59602 R\u00fcthen, Tel. 0176-51470232, Email info@bergbiken.de.[\/vc_column_text][\/vc_tta_section][\/vc_tta_accordion][\/vc_column][\/vc_row]<\/p>\n","protected":false},"excerpt":{"rendered":"<p>[vc_row full_width=&#8220;stretch_row_content_no_spaces&#8220; css=&#8220;.vc_custom_1585690855060{margin-top: 0px !important;margin-right: 0px !important;margin-bottom: 0px !important;margin-left: 0px !important;padding-top: 0px !important;padding-right: 0px !important;padding-bottom: 0px !important;padding-left: 0px !important;}&#8220;][vc_column css=&#8220;.vc_custom_1585690771085{margin-top: 0px !important;margin-right: 0px !important;margin-bottom: 0px !important;margin-left:<span class=\"excerpt-hellip\"> [\u2026]<\/span><\/p>\n","protected":false},"author":1,"featured_media":0,"parent":0,"menu_order":0,"comment_status":"closed","ping_status":"closed","template":"","meta":{"footnotes":""},"class_list":["post-1810","page","type-page","status-publish","hentry"],"jetpack_sharing_enabled":true,"_links":{"self":[{"href":"https:\/\/www.bergbiken.de\/wp\/wp-json\/wp\/v2\/pages\/1810","targetHints":{"allow":["GET"]}}],"collection":[{"href":"https:\/\/www.bergbiken.de\/wp\/wp-json\/wp\/v2\/pages"}],"about":[{"href":"https:\/\/www.bergbiken.de\/wp\/wp-json\/wp\/v2\/types\/page"}],"author":[{"embeddable":true,"href":"https:\/\/www.bergbiken.de\/wp\/wp-json\/wp\/v2\/users\/1"}],"replies":[{"embeddable":true,"href":"https:\/\/www.bergbiken.de\/wp\/wp-json\/wp\/v2\/comments?post=1810"}],"version-history":[{"count":13,"href":"https:\/\/www.bergbiken.de\/wp\/wp-json\/wp\/v2\/pages\/1810\/revisions"}],"predecessor-version":[{"id":45532,"href":"https:\/\/www.bergbiken.de\/wp\/wp-json\/wp\/v2\/pages\/1810\/revisions\/45532"}],"wp:attachment":[{"href":"https:\/\/www.bergbiken.de\/wp\/wp-json\/wp\/v2\/media?parent=1810"}],"curies":[{"name":"wp","href":"https:\/\/api.w.org\/{rel}","templated":true}]}}