{"id":1566,"date":"2020-10-25T21:27:56","date_gmt":"2020-10-25T20:27:56","guid":{"rendered":"https:\/\/www.bergbiken.de\/wp\/?page_id=1566"},"modified":"2025-12-24T23:51:45","modified_gmt":"2025-12-24T22:51:45","slug":"stantongardasee","status":"publish","type":"page","link":"https:\/\/www.bergbiken.de\/wp\/stantongardasee\/","title":{"rendered":"Transalp St. Anton \u00bb Gardasee"},"content":{"rendered":"<p>[vc_row full_width=&#8220;stretch_row_content_no_spaces&#8220; css=&#8220;.vc_custom_1585690855060{margin-top: 0px !important;margin-right: 0px !important;margin-bottom: 0px !important;margin-left: 0px !important;padding-top: 0px !important;padding-right: 0px !important;padding-bottom: 0px !important;padding-left: 0px !important;}&#8220;][vc_column css=&#8220;.vc_custom_1585690771085{margin-top: 0px !important;margin-right: 0px !important;margin-bottom: 0px !important;margin-left: 0px !important;padding-top: 0px !important;padding-right: 0px !important;padding-bottom: 0px !important;padding-left: 0px !important;background-position: center !important;background-repeat: no-repeat !important;background-size: cover !important;}&#8220; offset=&#8220;vc_hidden-xs&#8220;][vc_single_image image=&#8220;1574&#8243; img_size=&#8220;full&#8220; alignment=&#8220;center&#8220;][\/vc_column][\/vc_row][vc_row][vc_column offset=&#8220;vc_hidden-lg vc_hidden-md vc_hidden-sm&#8220;][vc_empty_space height=&#8220;10px&#8220;][\/vc_column][\/vc_row][vc_row][vc_column][vc_column_text]<\/p>\n<h1 id=\"seitentitel\">Transalp St. Anton \u00bb Gardasee<\/h1>\n<p>[\/vc_column_text][\/vc_column][\/vc_row][vc_row full_width=&#8220;stretch_row_content_no_spaces&#8220;][vc_column offset=&#8220;vc_hidden-lg vc_hidden-md vc_hidden-sm&#8220;][vc_single_image image=&#8220;1575&#8243; img_size=&#8220;full&#8220; alignment=&#8220;center&#8220; style=&#8220;vc_box_rounded&#8220; css=&#8220;.vc_custom_1603311231168{margin-top: 10px !important;margin-right: 0px !important;margin-bottom: 10px !important;margin-left: 0px !important;border-top-width: 1px !important;border-right-width: 1px !important;border-bottom-width: 1px !important;border-left-width: 1px !important;padding-top: 0px !important;padding-right: 0px !important;padding-bottom: 0px !important;padding-left: 0px !important;border-left-color: #020202 !important;border-right-color: #020202 !important;border-top-color: #020202 !important;border-bottom-color: #020202 !important;border-radius: 1px !important;}&#8220;][\/vc_column][\/vc_row][vc_row][vc_column offset=&#8220;vc_hidden-xs&#8220;][vc_column_text]<\/p>\n<p align=\"justify\"><b class=\"text\">In 7 Tagen \u00fcber die Alpen: Auf einer der sch\u00f6nsten Alpencross-Routen f\u00fcr Mountainbiker geht es durch drei L\u00e4nder bis zum Ziel am Gardasee.<\/b><\/p>\n<p align=\"justify\"><span class=\"text\">Auf der abwechslungsreichen MTB-Route von St. Anton zum Gardasee \u00fcberqueren Sie hier die Alpen. Zu den Highlights der Route geh\u00f6ren dabei der Fimberpass (2608 m) mit seiner legend\u00e4ren Trailabfahrt, der Costainas-Pass als einer der wenigen fast komplett fahrbaren Offroad-\u00dcberg\u00e4nge des Alpenhauptkamms, das Hochtal Val Mora bzw. die Abfahrt vom Bocchetta di Forcola (2768 m) und das Val Agola. Alle Zwischen\u00fcbernachtungen der Tour liegen in mindestens 1600 m H\u00f6he, wobei reizvoll zwischen Berggasth\u00f6fen, H\u00fctten und Bergd\u00f6rfern mit gro\u00dfen Hotels variiert wird. Aufgrund des hochalpinen Charakters dieser Tour gibt es an einzelnen Tagen Schiebepassagen von ca. 15-60 Minuten Dauer.<\/span><\/p>\n<p class=\"text\" align=\"justify\"><span class=\"text\">Diese Tour wurde von unserem Partnerveranstalter <b>B-on-bike<\/b> durchgef\u00fchrt. Nach dessen Ende und aufgrund der guten Resonanz haben wir uns f\u00fcr die Fortf\u00fchrung unter unserer Leitung entschlossen.<\/span><\/p>\n<p>[\/vc_column_text][\/vc_column][\/vc_row][vc_row][vc_column offset=&#8220;vc_hidden-lg vc_hidden-md vc_hidden-sm&#8220;][vc_column_text]<\/p>\n<h1 id=\"seitentitel\"><\/h1>\n<p id=\"fetttext\" style=\"text-align: justify;\"><strong><b class=\"text\">In 7 Tagen \u00fcber die Alpen: Auf einer der sch\u00f6nsten Alpencross-Routen f\u00fcr Mountainbiker geht es durch drei L\u00e4nder bis zum Ziel am Gardasee.<\/b><\/strong><\/p>\n<p>[\/vc_column_text][vc_column_text]<\/p>\n<ul style=\"list-style-image: url('https:\/\/www.bergbiken.de\/hakenkl.gif');\">\n<li>Zwischen\u00fcbernachtungen stets \u00fcber 1600 m Seeh\u00f6he<\/li>\n<li>Quer durch die Trailregion Alta Rezia<\/li>\n<li>B\u00e4rentrails in den Brenta-Dolomiten zum Abschluss<\/li>\n<\/ul>\n<p>[\/vc_column_text][\/vc_column][\/vc_row][vc_row][vc_column offset=&#8220;vc_hidden-xs&#8220; css=&#8220;.vc_custom_1727341697772{background-color: #f7f3ec !important;}&#8220;][vc_row_inner css=&#8220;.vc_custom_1585348829079{margin-bottom: 0px !important;padding-bottom: 0px !important;}&#8220;][vc_column_inner width=&#8220;2\/6&#8243;][vc_column_text]<a href=\"https:\/\/www.bergbiken.de\/kartestantonto.jpg\" target=\"_blank\" rel=\"noopener noreferrer\"><img decoding=\"async\" style=\"width: 400px;\" src=\"https:\/\/www.bergbiken.de\/kartestantonto.jpg\" alt=\"Karte zur Tour\" \/><\/a><br \/>\n<a href=\"https:\/\/www.bergbiken.de\/profilstantonto.png\" target=\"_blank\" rel=\"noopener noreferrer\"><img decoding=\"async\" style=\"width: 400px;\" src=\"https:\/\/www.bergbiken.de\/profilstantontokl.png\" alt=\"Profil zur Tour\" \/><\/a><\/p>\n<h6><i>Karte und Profil der Tour &#8211; zum Vergr\u00f6\u00dfern klicken<\/i><\/h6>\n<p>[\/vc_column_text][\/vc_column_inner][vc_column_inner width=&#8220;4\/6&#8243;][vc_column_text]<\/p>\n<table border=\"0\" width=\"100%\" cellspacing=\"0\" cellpadding=\"0\">\n<tbody>\n<tr>\n<td><b>Reisedauer:<\/b><\/td>\n<td width=\"10px\"><\/td>\n<td id=\"reisedauer\">7 Etappen<\/td>\n<\/tr>\n<tr>\n<td><b>Gesamtleistung:<\/b><\/td>\n<td width=\"10px\"><\/td>\n<td>350 km, 10143 hm<\/td>\n<\/tr>\n<tr>\n<td><b>Tagesleistungen:<\/b><\/td>\n<td width=\"10px\"><\/td>\n<td>38-71 km, 1000-1650 hm, \u2205 50 km, 1449 hm pro Tag<\/td>\n<\/tr>\n<tr>\n<td><b><a href=\"https:\/\/www.bergbiken.de\/index.asp?id=25\" target=\"_parent\" rel=\"noopener noreferrer\">Level<\/a>:<\/b><\/td>\n<td width=\"10px\"><\/td>\n<td><span style=\"color: black; background-color: red;\">\u00a0Medium\u00a0<\/span><\/td>\n<\/tr>\n<tr>\n<td><b>Kondition:<\/b><\/td>\n<td width=\"10px\"><\/td>\n<td><img decoding=\"async\" src=\"https:\/\/www.bergbiken.de\/3.png\" alt=\"3 von 5 Sternen\" \/><\/td>\n<\/tr>\n<tr>\n<td><b>Fahrtechnik:<\/b><\/td>\n<td width=\"10px\"><\/td>\n<td id=\"fahrtechnik\"><img decoding=\"async\" src=\"https:\/\/www.bergbiken.de\/3.png\" alt=\"3 von 5 Sternen\" \/><\/td>\n<\/tr>\n<tr>\n<td><b><a href=\"https:\/\/www.bergbiken.de\/index.asp?id=93\" target=\"_parent\" rel=\"noopener noreferrer\">E-Bikes<\/a>:<\/b><\/td>\n<td width=\"10px\"><\/td>\n<td><img decoding=\"async\" style=\"width: auto; height: 14px;\" src=\"https:\/\/www.bergbiken.de\/td\/Img\/ebike_yellow.png\" alt=\"f\u00fcr E-MTB mit Schiebehilfe geeignet\" \/> f\u00fcr E-MTB mit Schiebehilfe geeignet: insg. 60&#8242; schieben<\/td>\n<\/tr>\n<\/tbody>\n<\/table>\n<p>[\/vc_column_text][\/vc_column_inner][\/vc_row_inner][\/vc_column][\/vc_row][vc_row][vc_column offset=&#8220;vc_hidden-lg vc_hidden-md vc_hidden-sm&#8220; css=&#8220;.vc_custom_1727341705657{background-color: #f7f3ec !important;}&#8220;][vc_row_inner css=&#8220;.vc_custom_1585348829079{margin-bottom: 0px !important;padding-bottom: 0px !important;}&#8220;][vc_column_inner width=&#8220;2\/6&#8243;][vc_column_text]<a href=\"https:\/\/www.bergbiken.de\/kartestantonto.jpg\" target=\"_blank\" rel=\"noopener noreferrer\"><img decoding=\"async\" style=\"width: 400px;\" src=\"https:\/\/www.bergbiken.de\/kartestantonto.jpg\" alt=\"Karte zur Tour\" \/><\/a><\/p>\n<h6><i>Karte der Tour &#8211; zum Vergr\u00f6\u00dfern tippen<\/i><\/h6>\n<p>[\/vc_column_text][\/vc_column_inner][vc_column_inner width=&#8220;4\/6&#8243;][vc_column_text]<\/p>\n<table border=\"0\" width=\"100%\" cellspacing=\"0\" cellpadding=\"0\">\n<tbody>\n<tr>\n<td><b>Reisedauer:<\/b><\/td>\n<td width=\"10px\"><\/td>\n<td id=\"reisedauer\">7 Etappen<\/td>\n<\/tr>\n<tr>\n<td><b>Gesamtleistung:<\/b><\/td>\n<td width=\"10px\"><\/td>\n<td>350 km, 10143 hm<\/td>\n<\/tr>\n<tr>\n<td><b>Tagesleistungen:<\/b><\/td>\n<td width=\"10px\"><\/td>\n<td>38-71 km, 1000-1650 hm, \u2205 50 km, 1449 hm pro Tag<\/td>\n<\/tr>\n<tr>\n<td><b><a href=\"https:\/\/www.bergbiken.de\/index.asp?id=25\" target=\"_parent\" rel=\"noopener noreferrer\">Level<\/a>:<\/b><\/td>\n<td width=\"10px\"><\/td>\n<td><span style=\"color: black; background-color: red;\">\u00a0Medium\u00a0<\/span><\/td>\n<\/tr>\n<tr>\n<td><b>Kondition:<\/b><\/td>\n<td width=\"10px\"><\/td>\n<td><img decoding=\"async\" src=\"https:\/\/www.bergbiken.de\/3.png\" alt=\"3 von 5 Sternen\" \/><\/td>\n<\/tr>\n<tr>\n<td><b>Fahrtechnik:<\/b><\/td>\n<td width=\"10px\"><\/td>\n<td id=\"fahrtechnik\"><img decoding=\"async\" src=\"https:\/\/www.bergbiken.de\/3.png\" alt=\"3 von 5 Sternen\" \/><\/td>\n<\/tr>\n<tr>\n<td><b><a href=\"https:\/\/www.bergbiken.de\/index.asp?id=93\" target=\"_parent\" rel=\"noopener noreferrer\">E-Bikes<\/a>:<\/b><\/td>\n<td width=\"10px\"><\/td>\n<td><img decoding=\"async\" style=\"width: auto; height: 14px;\" src=\"https:\/\/www.bergbiken.de\/td\/Img\/ebike_yellow.png\" alt=\"f\u00fcr E-MTB mit Schiebehilfe geeignet\" \/> f\u00fcr E-MTB mit Schiebehilfe geeignet: insg. 60&#8242; schieben<\/td>\n<\/tr>\n<\/tbody>\n<\/table>\n<p>[\/vc_column_text][\/vc_column_inner][\/vc_row_inner][\/vc_column][\/vc_row][vc_row][vc_column][vc_empty_space height=&#8220;20px&#8220;][\/vc_column][\/vc_row][vc_row][vc_column width=&#8220;3\/4&#8243;][vc_text_separator title=&#8220;Ablauf der Reise&#8220; title_align=&#8220;separator_align_left&#8220; align=&#8220;align_left&#8220; border_width=&#8220;2&#8243;][vc_tta_accordion style=&#8220;modern&#8220; shape=&#8220;square&#8220; color=&#8220;white&#8220; spacing=&#8220;10&#8243; gap=&#8220;10&#8243; active_section=&#8220;1&#8243; no_fill=&#8220;true&#8220; collapsible_all=&#8220;true&#8220;][vc_tta_section title=&#8220;Tag 1: St. Anton \u00bb Bodenalpe (46 km, 1550 hm)&#8220; tab_id=&#8220;1590268985015-c2d581fa-2af7&#8243;][vc_column_text]<span class=\"text\">Wir rollen uns locker im Verwalltal ein. Der Anstieg f\u00fchrt am Ende mit einer 45-min\u00fctigen Schiebepassage zum Verbellner Winterj\u00f6chl. Dort machen wir eine verdiente Rast in der Heilbronner H\u00fctte. \u00dcber das Zeinisjoch fahren wir nach Ischgl. Hier beginnt unser zun\u00e4chst knackiger Schlussanstieg durchs Fimbatal zu unserem Etappenziel, der Bodenalpe.<\/span>[\/vc_column_text][\/vc_tta_section][vc_tta_section title=&#8220;Tag 2: Bodenalpe \u00bb S-charl (44 km, 1500 hm)&#8220; tab_id=&#8220;1585344099382-b7db8cfd-fd7f&#8220;][vc_column_text]<span class=\"text\">Wir starten Richtung Heidelberger H\u00fctte. Dort machen wir kurz Rast und nehmen dann die ca. einst\u00fcndige Schiebepassage zum Fimberpass in Angriff. Als Belohnung winkt eine lange und sch\u00f6ne, aber auch anspruchsvolle Trailabfahrt, die uns bis in den Schweizer Ort Scuol bringt. Von hier f\u00fchrt uns ein letzter Anstieg bis in das abgelegene Bergdorf S-charl.<\/span>[\/vc_column_text][\/vc_tta_section][vc_tta_section title=&#8220;Tag 3: S-charl \u00bb Rifugio Fraele (53 km, 1300 hm)&#8220; tab_id=&#8220;1585344258121-a3d2f303-d909&#8243;][vc_column_text]<span class=\"text\">Auf Schotter geht es bergauf zur Alp Astras. Hier folgen wir einem wundersch\u00f6nen Trail zum Pass da Costainas, einem der wenigen voll fahrbaren P\u00e4sse des Alpenhautkamms. Die Abfahrt bringt uns nach Santa Maria im M\u00fcnstertal. Durch das Val Mora geht es nach Italien und weiter bis zum Etappenziel am Lago di Cancano.<\/span>[\/vc_column_text][\/vc_tta_section][vc_tta_section title=&#8220;Tag 4: Rifugio Fraele \u00bb Passo Mortirolo (56 km, 1650 hm)&#8220; tab_id=&#8220;1585344300639-7433f0e7-411c&#8220;][vc_column_text]<span class=\"text\">Zun\u00e4chst geht es, ohne viele H\u00f6henmeter zu verlieren, entlang einer alten Bergbau-Bahntrasse in Richtung Passo Verva, bevor wir schlie\u00dflich doch ansteigend die Passh\u00f6he erklimmen. Von hier fahren wir auf Schotter- und Wanderwegen am Ende auf der Stra\u00dfe nach Grosio hinunter. Dort beginnt der lange Anstieg auf einer ruhigen Bergstra\u00dfe zum Passo Mortirolo und unserem Nachtquartier.<\/span>[\/vc_column_text][\/vc_tta_section][vc_tta_section title=&#8220;Tag 5: Passo Mortirolo \u00bb Tonalepass (38 km, 1300 hm)&#8220; tab_id=&#8220;1603272671147-4a3646c3-cdcf&#8220;][vc_column_text]<span class=\"text\">Heute geht es zun\u00e4chst rund 400 H\u00f6henmeter bergauf Richtung Pianaccio. Von hier f\u00fchren uns Trails und Schotterwege hinab nach Vezza d&#8217;Oglio. Vorbei am Talort Ponte di Legno fahren wir zur unserer Unterkunft am Tonalepass.<\/span>[\/vc_column_text][\/vc_tta_section][vc_tta_section title=&#8220;Tag 6: Tonalepass \u00bb Madonna di Campiglio (47 km, 1150 hm)&#8220; tab_id=&#8220;1603272704913-731f05e0-f243&#8243;][vc_column_text]<span class=\"text\">Am Morgen erwartet uns nach einem kurzen Anstieg eine tolle Abfahrt ins Val di Sole. Von hier fahren wir am Rande der Brenta-Dolomiten \u00fcber Dimaro bergauf in Richtung Madonna di Campiglio und weiter ins Vallesinella, wo wir die letzte Nacht vor Ankunft am Gardasee verbringen.<\/span>[\/vc_column_text][\/vc_tta_section][vc_tta_section title=&#8220;Tag 7: Madonna \u00bb Torbole (71 km, 1000 hm)&#8220; tab_id=&#8220;1603272740859-c57f3886-7491&#8243;][vc_column_text]<span class=\"text\">Heute geht es ins Val Agola mit seinem wundersch\u00f6nen kleinen See und einzigartiger Bergkulisse. Eine 15-min\u00fctige Schiebepassage f\u00fchrt uns zum Passo Bregn da l&#8217;Ors, von wo wir einer sch\u00f6nen Abfahrt nach Stenico folgen. Weiter geht es entlang der Sarca in Richtung Gardasee.<\/span>[\/vc_column_text][\/vc_tta_section][vc_tta_section title=&#8220;Tag 8: R\u00fccktransfer&#8220; tab_id=&#8220;1585344435177-840b9567-87f3&#8243;][vc_column_text]R\u00fccktransfer im Minibus mit Fahrradanh\u00e4nger von Torbole nach St. Anton.[\/vc_column_text][\/vc_tta_section][\/vc_tta_accordion][vc_column_text]<span class=\"text\"><a class=\"button  button_size_1\" href=\"https:\/\/www.bergbiken.de\/wp\/fimberpass\"     style=\"background-color:#f7ca40!important;color:black;\" target=\"_blank\"    title=\"\"><span class=\"button_label\">\u26ab Pass-Infos: Fimberpass<\/span><\/a>\n<\/span>[\/vc_column_text][vc_empty_space height=&#8220;20px&#8220;][vc_text_separator title=&#8220;Buchungs-Info&#8220; title_align=&#8220;separator_align_left&#8220; align=&#8220;align_left&#8220; border_width=&#8220;2&#8243;][vc_row_inner css=&#8220;.vc_custom_1585864973871{margin-right: 0px !important;margin-left: 0px !important;background-color: #f7f3ec !important;}&#8220;][vc_column_inner width=&#8220;2\/3&#8243;][vc_column_text]<b>Leistungen Selfguided-Tour<br \/>\n<\/b><\/p>\n<ul style=\"list-style-image: url('https:\/\/www.bergbiken.de\/hakenkl.gif');\">\n<li>Start + Ziel: St. Anton am Arlberg (\u00dcbernachtung am Startort optional hinzubuchbar, Aufpreis 85 \u20ac p.P.)<\/li>\n<li>Selfguided-Tour (mit GPS-Daten sowie telefonischer 24-Stunden-Betreuung von uns) mit Verlauf gem\u00e4\u00df obigen Beschreibungen<\/li>\n<li>7x \u00dcbernachtung\/Fr\u00fchst\u00fcck in Hotels und Pensionen im Doppelzimmer (Einzelzimmer-Zuschlag: 232 \u20ac)<\/li>\n<li>Gep\u00e4cktransport ab St. Anton bis Torbole von Unterkunft zu Unterkunft und zur\u00fcck nach St. Anton<\/li>\n<li>R\u00fccktransfer am achten Tag nach St. Anton im Minibus mit Fahrradanh\u00e4nger<\/li>\n<li><a href=\"https:\/\/www.bergbiken.de\/wp\/selfguidedinfo\/\">GPS-Daten der gesamten Tour und f\u00fcr alle Zusatzstrecken<\/a>, \u00dcbersichtsprofile mit Kurzinfos zu den Varianten, Vorbereitungsheft mit Packliste, optional Kartenmaterial im Ma\u00dfstab 1:40.000 mit eingetragener Strecke (Zuschlag einmalig 25 \u20ac), optional Leih-GPS-Ger\u00e4t Garmin Oregon (Zuschlag 45 \u20ac)<\/li>\n<li>Die Tour kann auch ohne Guide\/Gep\u00e4cktransport\/R\u00fccktransfer, mit Verl\u00e4ngerungs-\u00dcbernachtungen am Ziel, in 5 oder 6 Etappen, mit Start in Oberstdorf anstatt St. Anton oder noch ganz anders durchgef\u00fchrt werden. Klicken Sie rechts auf &#8222;Leistungen \u00e4ndern&#8220;.<\/li>\n<li><b>Alle Gruppengr\u00f6\u00dfen m\u00f6glich, freie Terminwahl \ud83d\ude0a<\/b><\/li>\n<\/ul>\n<p>[\/vc_column_text][\/vc_column_inner][vc_column_inner width=&#8220;1\/3&#8243;][vc_column_text]<b>Reisepreis pro Person<br \/>\n<\/b><\/p>\n<a class=\"button  button_size_1\" href=\"http:\/\/www.bergbiken.de\/wp\/buchen\/?buchung=Transalp%20St.%20Anton-Gardasee,%203%20Personen&#038;termin=Bitte%20Terminwunsch%20hier%20eintragen&#038;pr=1486%20\u20ac\"     style=\"background-color:#f7ca40!important;color:black;\" target=\"_blank\"    title=\"\"><span class=\"button_label\">3 Teiln. 1486 \u20ac \u00bb Buchen<\/span><\/a>\n\n<a class=\"button  button_size_1\" href=\"http:\/\/www.bergbiken.de\/wp\/buchen\/?buchung=Transalp%20St.%20Anton-Gardasee,%204%20Personen&#038;termin=Bitte%20Terminwunsch%20hier%20eintragen&#038;pr=1279%20\u20ac\"     style=\"background-color:#f7ca40!important;color:black;\" target=\"_blank\"    title=\"\"><span class=\"button_label\">4 Teiln. 1279 \u20ac \u00bb Buchen<\/span><\/a>\n\n<a class=\"button  button_size_1\" href=\"http:\/\/www.bergbiken.de\/wp\/buchen\/?buchung=Transalp%20St.%20Anton-Gardasee,%205%20Personen&#038;termin=Bitte%20Terminwunsch%20hier%20eintragen&#038;pr=1198%20\u20ac\"     style=\"background-color:#f7ca40!important;color:black;\" target=\"_blank\"    title=\"\"><span class=\"button_label\">5 Teiln. 1198 \u20ac \u00bb Buchen<\/span><\/a>\n\n<a class=\"button  button_size_1\" href=\"http:\/\/www.bergbiken.de\/wp\/buchen\/?buchung=Transalp%20St.%20Anton-Gardasee,%206%20Personen&#038;termin=Bitte%20Terminwunsch%20hier%20eintragen&#038;pr=1120%20\u20ac\"     style=\"background-color:#f7ca40!important;color:black;\" target=\"_blank\"    title=\"\"><span class=\"button_label\">6 Teiln. 1120 \u20ac \u00bb Buchen<\/span><\/a>\n\n<a class=\"button  button_size_1\" href=\"http:\/\/www.bergbiken.de\/wp\/buchen\/?buchung=Transalp%20St.%20Anton-Gardasee,%207%20Personen&#038;termin=Bitte%20Terminwunsch%20hier%20eintragen&#038;pr=1089%20\u20ac\"     style=\"background-color:#f7ca40!important;color:black;\" target=\"_blank\"    title=\"\"><span class=\"button_label\">7 Teiln. 1089 \u20ac \u00bb Buchen<\/span><\/a>\n\n<a class=\"button  button_size_1\" href=\"http:\/\/www.bergbiken.de\/wp\/anfrage\/?buchung=Transalp%20St.%20Anton-Gardasee\"     style=\"background-color:#f0ab26!important;color:black;\" target=\"_blank\"    title=\"\"><span class=\"button_label\">\u00bb Anfrage stellen<\/span><\/a>\n\n<p>Bei Tourstart im Monat August behalten wir uns einen max. 7% h\u00f6heren Reisepreis vor.<\/p>\n<hr class=\"\" style=\"margin:0 auto 30px;\"\/>\n\n<p><a class=\"button  button_size_1\" href=\"https:\/\/www.bergbiken.de\/td\/td2.asp?km=350&#038;hm=10143&#038;r=Stanton-Ischgl-Suren-Scuol-Costainas-Valmuestair-Fraele-Grosio-Edolo-Pontedilegno-Dimaro-Pontearche-Torbole&#038;zgt=1.05&#038;zhot=1.07&#038;t=7\"     style=\"background-color:#f7ca40!important;color:black;\" target=\"_blank\"    title=\"\"><span class=\"button_label\">Leistungen \u00e4ndern<\/span><\/a>\n<a class=\"button  button_size_1\" href=\"https:\/\/www.bergbiken.de\/wp\/gpstracks\/\"     style=\"background-color:#f7ca40!important;color:black;\" target=\"_blank\"    title=\"\"><span class=\"button_label\">GPS-Track-Service<\/span><\/a>\n[\/vc_column_text][\/vc_column_inner][\/vc_row_inner][\/vc_column][vc_column width=&#8220;1\/4&#8243;][vc_images_carousel images=&#8220;1568,1569,1570,1571,1572,1573&#8243; img_size=&#8220;full&#8220; mode=&#8220;vertical&#8220; slides_per_view=&#8220;7&#8243; hide_pagination_control=&#8220;yes&#8220; hide_prev_next_buttons=&#8220;yes&#8220; wrap=&#8220;yes&#8220; css=&#8220;.vc_custom_1603310924452{margin-top: 0px !important;margin-right: 0px !important;margin-bottom: 0px !important;margin-left: 0px !important;padding-top: 0px !important;padding-right: 0px !important;padding-bottom: 0px !important;padding-left: 0px !important;}&#8220;][\/vc_column][\/vc_row][vc_row][vc_column][vc_empty_space height=&#8220;20px&#8220;][vc_text_separator title=&#8220;Tourbetreuer: Benjamin Pape&#8220; title_align=&#8220;separator_align_left&#8220; align=&#8220;align_left&#8220; border_width=&#8220;2&#8243;][vc_row_inner][vc_column_inner width=&#8220;1\/6&#8243;][vc_single_image image=&#8220;433&#8243; img_size=&#8220;full&#8220; css=&#8220;.vc_custom_1588717857404{margin-bottom: 0px !important;}&#8220;][\/vc_column_inner][vc_column_inner width=&#8220;5\/6&#8243;]<div class=\"blockquote\"><span class=\"mfn-blockquote-icon\"><i class=\"icon-quote\" aria-hidden=\"true\"><\/i><\/span><blockquote class=\"mfn-inline-editor\">Diese Transalp-Route reiht einen Klassik-Trail an den n\u00e4chsten, und scheut keinen Nachmittags-Anstieg, um abends noch auf der H\u00f6he \u00fcbernachten zu k\u00f6nnen: Ein echter Lieblings-Alpencross zwischen Silvretta, Alta Rezia und Brenta-Dolomiten, mit Gardasee-Finale, wie es sich geh\u00f6rt.<\/blockquote><\/div>\n[\/vc_column_inner][\/vc_row_inner][vc_empty_space height=&#8220;20px&#8220;][\/vc_column][\/vc_row][vc_row][vc_column][vc_tta_accordion style=&#8220;modern&#8220; shape=&#8220;square&#8220; color=&#8220;white&#8220; spacing=&#8220;10&#8243; gap=&#8220;10&#8243; active_section=&#8220;1&#8243; no_fill=&#8220;true&#8220; collapsible_all=&#8220;true&#8220;][vc_tta_section title=&#8220;Weitere zu erwartende Ausgaben&#8220; tab_id=&#8220;1585863828044-a552745d-1077&#8243;][vc_column_text]Verpflegung (au\u00dfer Fr\u00fchst\u00fcck), optionale Versicherungen.[\/vc_column_text][\/vc_tta_section][vc_tta_section title=&#8220;Termin und Teilnehmerzahl&#8220; tab_id=&#8220;1585863957293-9588b19b-36b4&#8243;][vc_column_text]Der Termin kann frei gew\u00e4hlt werden. Der Reisepreis ist von der Teilnehmerzahl abh\u00e4ngig (siehe Preisliste oben), auch gr\u00f6\u00dfere Gruppen sind m\u00f6glich. Falls Sie einzelne Leistungen nicht ben\u00f6tigen und\/oder die Strecke \u00e4ndern m\u00f6chten, klicken Sie auf &#8222;Leistungen \u00e4ndern&#8220;, um die Tour-Leistungen im Transalp-Designer individuell einzustellen.[\/vc_column_text][\/vc_tta_section][vc_tta_section title=&#8220;Pauschalreise im Sinne der Richtlinie (EU) 2015\/2302&#8243; tab_id=&#8220;1585863896259-f1c53e9f-7fef&#8220;][vc_column_text]Bei der Ihnen angebotenen Kombination von Reiseleistungen handelt es sich um eine <b>Pauschalreise im Sinne der Richtlinie (EU) 2015\/2302.<\/b> Daher k\u00f6nnen Sie alle EU-Rechte in Anspruch nehmen, die f\u00fcr Pauschalreisen gelten. BergBiken Benjamin Pape (Kontaktdaten s.o.) tr\u00e4gt die volle Verantwortung f\u00fcr die ordnungsgem\u00e4\u00dfe Durchf\u00fchrung der gesamten Pauschalreise. Zudem verf\u00fcgt BergBiken Benjamin Pape \u00fcber die gesetzlich vorgeschriebene Absicherung f\u00fcr die R\u00fcckzahlung Ihrer Zahlungen und, falls der Transport in der Pauschalreise inbegriffen ist (R\u00fccktransport, Zwischenshuttles), zur Sicherstellung Ihrer R\u00fcckbef\u00f6rderung im Fall seiner Insolvenz.<br \/>\n<a href=\"https:\/\/www.bergbiken.de\/eurichtfurz.htm\" target=\"_blank\" rel=\"noopener noreferrer\">Weiterf\u00fchrende Informationen zu Ihren wichtigsten Rechten nach der Richtlinie (EU) 2015\/2302<\/a><\/p>\n<p>Die Reise ist f\u00fcr Personen mit eingeschr\u00e4nkter Mobilit\u00e4t nicht geeignet.[\/vc_column_text][\/vc_tta_section][vc_tta_section title=&#8220;Reiser\u00fccktrittskosten-Versicherung&#8220; tab_id=&#8220;1585863927585-a472bf8c-2316&#8243;][vc_column_text]F\u00fcr den Krankheitsfall empfehlen wir grunds\u00e4tzlich den Abschluss einer <b>Reiser\u00fccktrittskosten-Versicherung<\/b> sowie einer Auslandsreisekrankenversicherung oder einer Versicherung zur Deckung der Kosten einer Unterst\u00fctzung einschlie\u00dflich einer R\u00fcckbef\u00f6rderung bei Unfall, Krankheit oder Tod. Sie k\u00f6nnen \u00fcber uns eine Reiser\u00fccktrittskostenversicherung der HanseMerkur f\u00fcr diese Tour abschlie\u00dfen. Die Versicherungspr\u00e4mie betr\u00e4gt f\u00fcr diese Reise 37-57 \u20ac (abh\u00e4ngig vom Reisepreis). Mehr Infos und Formular unter <a href=\"http:\/\/www.bergbiken.de\/rrv\" target=\"_blank\" rel=\"noopener noreferrer\">www.bergbiken.de\/rrv<\/a>.[\/vc_column_text][\/vc_tta_section][vc_tta_section title=&#8220;R\u00fccktritts- und Zahlungsmodalit\u00e4ten&#8220; tab_id=&#8220;1585863980058-1da3c22e-b9dc&#8220;][vc_column_text]Bei Nichterreichen der Mindestteilnehmerzahl kann BergBiken bis sp\u00e4testens 30 Tage vor Reisebeginn (Abs. 5 unserer <a href=\"https:\/\/www.bergbiken.de\/index.asp?id=28\" target=\"_blank\" rel=\"noopener noreferrer\">AGB<\/a>) von der Reise zur\u00fccktreten. Ein R\u00fccktritt von Ihrer Seite ist jederzeit m\u00f6glich, es fallen dabei je nach Vorlaufzeit zum geplanten Reisebeginn Stornierungskosten an, wie sie in Abs. 6 unserer <a href=\"https:\/\/www.bergbiken.de\/index.asp?id=28\" target=\"_blank\" rel=\"noopener noreferrer\">AGB<\/a> angegeben sind. Als Anzahlung sind 20% des Reisepreises bis 14 Tage nach Rechnungserhalt zu zahlen. Die Restrate (80%) wird 30 Tage vor Reisebeginn f\u00e4llig.[\/vc_column_text][\/vc_tta_section][vc_tta_section title=&#8220;Veranstalter dieser Reise&#8220; tab_id=&#8220;1585864011531-6f9c98ce-1e3c&#8220;][vc_column_text]BergBiken Benjamin Pape, Lange Str. 37, 59602 R\u00fcthen, Tel. 0176-51470232, Email info@bergbiken.de.[\/vc_column_text][\/vc_tta_section][\/vc_tta_accordion][\/vc_column][\/vc_row]<\/p>\n","protected":false},"excerpt":{"rendered":"<p>[vc_row full_width=&#8220;stretch_row_content_no_spaces&#8220; css=&#8220;.vc_custom_1585690855060{margin-top: 0px !important;margin-right: 0px !important;margin-bottom: 0px !important;margin-left: 0px !important;padding-top: 0px !important;padding-right: 0px !important;padding-bottom: 0px !important;padding-left: 0px !important;}&#8220;][vc_column css=&#8220;.vc_custom_1585690771085{margin-top: 0px !important;margin-right: 0px !important;margin-bottom: 0px !important;margin-left:<span class=\"excerpt-hellip\"> [\u2026]<\/span><\/p>\n","protected":false},"author":1,"featured_media":0,"parent":0,"menu_order":0,"comment_status":"closed","ping_status":"closed","template":"","meta":{"footnotes":""},"class_list":["post-1566","page","type-page","status-publish","hentry"],"jetpack_sharing_enabled":true,"_links":{"self":[{"href":"https:\/\/www.bergbiken.de\/wp\/wp-json\/wp\/v2\/pages\/1566","targetHints":{"allow":["GET"]}}],"collection":[{"href":"https:\/\/www.bergbiken.de\/wp\/wp-json\/wp\/v2\/pages"}],"about":[{"href":"https:\/\/www.bergbiken.de\/wp\/wp-json\/wp\/v2\/types\/page"}],"author":[{"embeddable":true,"href":"https:\/\/www.bergbiken.de\/wp\/wp-json\/wp\/v2\/users\/1"}],"replies":[{"embeddable":true,"href":"https:\/\/www.bergbiken.de\/wp\/wp-json\/wp\/v2\/comments?post=1566"}],"version-history":[{"count":16,"href":"https:\/\/www.bergbiken.de\/wp\/wp-json\/wp\/v2\/pages\/1566\/revisions"}],"predecessor-version":[{"id":45538,"href":"https:\/\/www.bergbiken.de\/wp\/wp-json\/wp\/v2\/pages\/1566\/revisions\/45538"}],"wp:attachment":[{"href":"https:\/\/www.bergbiken.de\/wp\/wp-json\/wp\/v2\/media?parent=1566"}],"curies":[{"name":"wp","href":"https:\/\/api.w.org\/{rel}","templated":true}]}}