{"id":1230,"date":"2020-10-08T23:00:58","date_gmt":"2020-10-08T21:00:58","guid":{"rendered":"https:\/\/www.bergbiken.de\/wp\/?page_id=1230"},"modified":"2026-03-21T21:00:28","modified_gmt":"2026-03-21T20:00:28","slug":"gepaeckservice","status":"publish","type":"page","link":"https:\/\/www.bergbiken.de\/wp\/gepaeckservice\/","title":{"rendered":"Transalp-Gep\u00e4ckservice"},"content":{"rendered":"<p>[vc_row][vc_column][vc_empty_space][vc_column_text]<\/p>\n<h1>Transalp-Gep\u00e4ckservice &#8211; wir fahren Ihr Gep\u00e4ck!<\/h1>\n<p>[\/vc_column_text][vc_row_inner][vc_column_inner width=&#8220;3\/4&#8243;][vc_column_text]<\/p>\n<p class=\"text\" align=\"justify\">Sie planen Ihren eigenen Alpencross und m\u00f6chten <b><span style=\"color: blue;\">Ihr Gep\u00e4ck t\u00e4glich von Hotel zu Hotel<\/span><\/b> transportieren lassen? Kein Problem! Wir fahren Ihr Gep\u00e4ck von und zu jedem beliebigen Hotel und zu den meisten Bergh\u00fctten, zu Ihrem Wunschtermin.<\/p>\n<p><!--p class=\"text\" align=\"justify\"><span style=\"color: #ff0000;\"><strong>Hinweis f\u00fcr die Saison 2024:<\/strong><\/span> Wegen der hohen Nachfrage m\u00f6chten wir 2024 unseren Selfguided-Gruppen Vorrang geben. Wir m\u00f6chten reine Gep\u00e4cktransporte daher erst ab 15. M\u00e4rz 2024 fest best\u00e4tigen. Infos zu Preis und voraussichtlicher Verf\u00fcgbarkeit geben wir nat\u00fcrlich gern jederzeit vorher. Falls wir Ihnen ab 15. M\u00e4rz doch absagen m\u00fcssten, w\u00fcrden wir Ihnen bei der alternativen Organisation bei den Mitbewerbern und lokalen Taxifirmen unter Aufbietung aller vorhandenen Kontakte nat\u00fcrlich helfen.<!--Um unseren Pauschalreise-Gruppen Vorrang zu geben und den Transportpreis unver\u00e4ndert zum Vorjahr belassen zu k\u00f6nnen, m\u00f6chten wir Gep\u00e4cktransport-Buchungen erst ab 1. M\u00e4rz 2023 verbindlich annehmen. Uns ist bewusst, dass dies f\u00fcr Ihre individuelle Gruppenplanung zu sp\u00e4t sein k\u00f6nnte, zumal wir ab M\u00e4rz dann eventuell nicht mehr f\u00fcr alle Wochen des Sommers auf allen Routen Verf\u00fcgbarkeit haben werden. Es erscheint aufgrund der hohen Nachfrage leider dennoch derzeit als einzige L\u00f6sung. Bitte fragen Sie Ihre ben\u00f6tigten Transporte parallel auch bei unseren Mitbewerbern und lokalen Taxifirmen entlang Ihrer geplanten Strecke an.--><\/p>\n<p class=\"text\" align=\"justify\"><span style=\"color: blue;\"><b>Interesse?<\/b><\/span> Senden Sie uns Ihre Pl\u00e4ne \u00fcber unser <a href=\"https:\/\/www.bergbiken.de\/index.asp?id=22&amp;buchung=Anfrage%20Transalp-Gep\u00e4cktransport\" target=\"_parent\" rel=\"noopener noreferrer\"><span style=\"color: blue;\">Kontaktformular<\/span><\/a> &#8211; und Sie erhalten unser Angebot oder weitere Informationen zur Verf\u00fcgbarkeit in der Regel innerhalb von 24 Stunden.<\/p>\n<p><!--\n\n\n<p class=\"text\" align=\"justify\"><span style=\"color: red;\">Hinweis f\u00fcr die Saison 2021: Wir sind leider f\u00fcr viele Wochen im Sommer 2021 schon komplett ausgebucht - wenn Sie zeitlich flexibel w\u00e4ren, w\u00e4re es nett, wenn Sie Ihre zeitlichen Pr\u00e4ferenzen bei einer Anfrage gleich mit angeben k\u00f6nnten, dann machen wir unser bestes Angebot.<\/span><\/p>\n\n\n-->[\/vc_column_text][vc_single_image image=&#8220;1233&#8243; img_size=&#8220;full&#8220; css=&#8220;.vc_custom_1602190580188{margin-bottom: 0px !important;padding-bottom: 0px !important;}&#8220;][vc_column_text css=&#8220;.vc_custom_1758617356729{margin-top: 0px !important;padding-top: 0px !important;}&#8220;]<\/p>\n<p class=\"text\" align=\"justify\"><span style=\"color: blue;\"><b>Nat\u00fcrlich fahren wir auch Rennrad-Alpencross-Gep\u00e4ck!<\/b><\/span><\/p>\n<p class=\"text\" align=\"justify\"><span style=\"color: blue;\"><b>Logistische Informationen:<\/b><\/span> Die Gep\u00e4ckmenge und Personenzahl sind nicht beschr\u00e4nkt, wir berechnen streckenunabh\u00e4ngig<strong>*<\/strong> einen festen Tagessatz von 170 \u20ac pro Etappe. Im Gep\u00e4ckfahrzeug ist keine Mitnahme von Personen erlaubt. Gern k\u00f6nnen Sie auch Ihren R\u00fccktransfer zum Startort mit uns buchen, der dann in einem Biketaxi mit Fahrradanh\u00e4nger stattfindet auf jeder Strecke (auch direkt zur\u00fcck zu Ihrem Heimatort in Bayern oder Baden-W\u00fcrttemberg) m\u00f6glich ist und zwischen 600 und 800 \u20ac f\u00fcr ein achtsitziges Fahrzeug kostet.<\/p>\n<p align=\"justify\"><strong>*<\/strong> Wir berechnen 215 \u20ac pro Fahrt f\u00fcr einzelne sehr lange Strecken, aktuell sind dies die Routen Zillertal-S\u00fcdtirol sowie alle Fahrten ab Oberstdorf. Alpine Mautstra\u00dfen kosten manchmal ebenfalls einen geringen Zuschlag.<\/p>\n<p align=\"justify\"><div class=\"accordion\"><div class=\"mfn-acc accordion_wrapper \"><div class=\"question\"><div class=\"title\"><i class=\"icon-plus acc-icon-plus\" aria-hidden=\"true\"><\/i><i class=\"icon-minus acc-icon-minus\" aria-hidden=\"true\"><\/i>Rechenbeispiele<\/div><div class=\"answer\"><\/p>\n<table>\n<thead>\n<tr>\n<th>Gruppe A<br \/>\n4 Personen<\/th>\n<th>Gruppe B<br \/>\n6 Personen<\/th>\n<th>Gruppe C<br \/>\n2 Personen<\/th>\n<\/tr>\n<\/thead>\n<tbody>\n<tr>\n<td>1 St. Anton-Ischgl<\/td>\n<td>1 Garmisch-Strengen<\/td>\n<td>1 <em>Oberstdorf<\/em>-St. Anton<\/td>\n<\/tr>\n<tr>\n<td>2 Ischgl-Scuol<\/td>\n<td>2 Strengen-Bodenalpe<\/td>\n<td>2 St. Anton-Ischgl<\/td>\n<\/tr>\n<tr>\n<td>3 Scuol-Ofenpass<\/td>\n<td>3 Bodenalpe-Tschierv<\/td>\n<td>3 Ischgl-Sur En<\/td>\n<\/tr>\n<tr>\n<td>4 Ofenpass-Livigno<\/td>\n<td>4 Tschierv-Grosio<\/td>\n<td>4 Sur En-M\u00fcstair<\/td>\n<\/tr>\n<tr>\n<td>5 Livigno-Chiavenna<\/td>\n<td>5 Grosio-Pezzo<\/td>\n<td>5 M\u00fcstair-Poschiavo<\/td>\n<\/tr>\n<tr>\n<td>6 Chiavenna-Colico<\/td>\n<td>6 Pezzo-Folgarida<\/td>\n<td><\/td>\n<\/tr>\n<tr>\n<td><em>Taxi-R\u00fccktransfer<br \/>\n(670 Euro)<\/em><\/td>\n<td>7 Folgarida-Torbole<\/td>\n<td><\/td>\n<\/tr>\n<tr>\n<td><strong>1020 Euro Gep\u00e4cktransport<\/strong><br \/>\n<strong>+ 670 Euro R\u00fccktransfer<\/strong><br \/>\n<strong>= 1690 Euro (422 Euro p.P.)<\/strong><\/td>\n<td><strong>1190 Euro Gep\u00e4cktransport<\/strong><br \/>\n<strong>= 198 Euro p.P.<\/strong><\/td>\n<td><strong>850 Euro Gep\u00e4cktransport<\/strong><br \/>\n<strong>+ 45 Euro &#8222;Oberstdorf-Zuschlag&#8220;<\/strong><br \/>\n<strong>= 895 Euro (447 Euro p.P.)<\/strong><\/td>\n<\/tr>\n<\/tbody>\n<\/table>\n<p>&nbsp;<\/p>\n<p><span style=\"color: blue;\"><b>Beispielgruppe A in Worten:<\/b><\/span> Bei einer sechst\u00e4gigen Transalp-Tour von St. Anton zum Comer See berechnen wir 6x 170 \u20ac = 1020 \u20ac f\u00fcr den Gep\u00e4cktransport. Der R\u00fccktransfer kostet auf dieser Strecke 670 \u20ac. Wenn Sie zu viert unterwegs sind, kosten alle Transporte somit 422 \u20ac pro Person (1690 \u20ac insgesamt).<\/div><\/div>\n<\/div><\/div>\n<p class=\"text\" align=\"justify\"><span style=\"color: blue;\"><b>Planungshilfe ben\u00f6tigt?<\/b><\/span> Wenn Sie Ihre Wunschroute kennen, aber noch nicht wissen, an welchen Stellen Sie \u00fcbernachten m\u00f6chten, k\u00f6nnen Sie uns einfach Ihren Streckenplan senden. Wir schlagen Ihnen gern geeignete \u00dcbernachtungsorte vor.<\/p>\n<p class=\"text\" align=\"justify\"><span style=\"color: blue;\"><b>F\u00fcr alle Fragen geeignet:<\/b><\/span> unser <a href=\"https:\/\/www.bergbiken.de\/index.asp?id=22&amp;buchung=Anfrage%20Transalp-Gep\u00e4cktransport\" target=\"_parent\" rel=\"noopener noreferrer\">\u00bb Kontaktformular<\/a><\/p>\n<p><img loading=\"lazy\" decoding=\"async\" src=\"https:\/\/vg05.met.vgwort.de\/na\/fd85da67b3b4459aaae9ae75f64fdcb7\" alt=\"\" width=\"1\" height=\"1\" \/>[\/vc_column_text][\/vc_column_inner][vc_column_inner width=&#8220;1\/4&#8243;][vc_single_image image=&#8220;1234&#8243; img_size=&#8220;full&#8220; css=&#8220;.vc_custom_1602190638303{margin-bottom: 0px !important;padding-bottom: 0px !important;}&#8220;][vc_single_image image=&#8220;1235&#8243; img_size=&#8220;full&#8220; css=&#8220;.vc_custom_1602190727037{margin-top: 0px !important;margin-bottom: -30px !important;padding-top: 0px !important;padding-bottom: 0px !important;}&#8220;][vc_column_text css=&#8220;.vc_custom_1602190700965{margin-top: 0px !important;padding-top: 0px !important;}&#8220;]<span style=\"color: black; font-family: Verdana; font-size: xx-small;\">H\u00fctten-Beschickung per Materialseilbahn<\/span>[\/vc_column_text][vc_single_image image=&#8220;1236&#8243; img_size=&#8220;full&#8220; css=&#8220;.vc_custom_1602190815759{margin-bottom: -30px !important;padding-bottom: 0px !important;}&#8220;][vc_column_text css=&#8220;.vc_custom_1602190791287{margin-top: 0px !important;padding-top: 0px !important;}&#8220;]<span style=\"color: black; font-family: Verdana; font-size: xx-small;\">Kleidungswechsel am Gep\u00e4ckfahrzeug<\/span>[\/vc_column_text][vc_single_image image=&#8220;1237&#8243; img_size=&#8220;full&#8220; css=&#8220;.vc_custom_1602190810076{margin-bottom: -30px !important;padding-bottom: 0px !important;}&#8220;][vc_column_text css=&#8220;.vc_custom_1602190803004{margin-top: 0px !important;padding-top: 0px !important;}&#8220;]<span style=\"color: black; font-family: Verdana; font-size: xx-small;\">R\u00fccktransfer im Minibus<\/span>[\/vc_column_text][\/vc_column_inner][\/vc_row_inner][\/vc_column][\/vc_row]<\/p>\n","protected":false},"excerpt":{"rendered":"<p>[vc_row][vc_column][vc_empty_space][vc_column_text] Transalp-Gep\u00e4ckservice &#8211; wir fahren Ihr Gep\u00e4ck! [\/vc_column_text][vc_row_inner][vc_column_inner width=&#8220;3\/4&#8243;][vc_column_text] Sie planen Ihren eigenen Alpencross und m\u00f6chten Ihr Gep\u00e4ck t\u00e4glich von Hotel zu Hotel transportieren lassen? Kein<span class=\"excerpt-hellip\"> [\u2026]<\/span><\/p>\n","protected":false},"author":1,"featured_media":0,"parent":0,"menu_order":0,"comment_status":"closed","ping_status":"closed","template":"","meta":{"footnotes":""},"class_list":["post-1230","page","type-page","status-publish","hentry"],"jetpack_sharing_enabled":true,"_links":{"self":[{"href":"https:\/\/www.bergbiken.de\/wp\/wp-json\/wp\/v2\/pages\/1230","targetHints":{"allow":["GET"]}}],"collection":[{"href":"https:\/\/www.bergbiken.de\/wp\/wp-json\/wp\/v2\/pages"}],"about":[{"href":"https:\/\/www.bergbiken.de\/wp\/wp-json\/wp\/v2\/types\/page"}],"author":[{"embeddable":true,"href":"https:\/\/www.bergbiken.de\/wp\/wp-json\/wp\/v2\/users\/1"}],"replies":[{"embeddable":true,"href":"https:\/\/www.bergbiken.de\/wp\/wp-json\/wp\/v2\/comments?post=1230"}],"version-history":[{"count":36,"href":"https:\/\/www.bergbiken.de\/wp\/wp-json\/wp\/v2\/pages\/1230\/revisions"}],"predecessor-version":[{"id":45612,"href":"https:\/\/www.bergbiken.de\/wp\/wp-json\/wp\/v2\/pages\/1230\/revisions\/45612"}],"wp:attachment":[{"href":"https:\/\/www.bergbiken.de\/wp\/wp-json\/wp\/v2\/media?parent=1230"}],"curies":[{"name":"wp","href":"https:\/\/api.w.org\/{rel}","templated":true}]}}